{"id":1106,"date":"2026-04-15T11:20:45","date_gmt":"2026-04-15T11:20:45","guid":{"rendered":"https:\/\/newhostess.com\/?page_id=1106"},"modified":"2026-04-15T12:05:25","modified_gmt":"2026-04-15T12:05:25","slug":"raktari-kisegites","status":"publish","type":"page","link":"https:\/\/newhostess.com\/en\/raktari-kisegites\/","title":{"rendered":"Rakt\u00e1ri kiseg\u00edt\u00e9s"},"content":{"rendered":"\t\t<div data-elementor-type=\"wp-page\" data-elementor-id=\"1106\" class=\"elementor elementor-1106\">\n\t\t\t\t\t\t<section class=\"elementor-section elementor-top-section elementor-element elementor-element-4dcb6b7 elementor-section-full_width elementor-section-stretched elementor-section-height-default elementor-section-height-default\" data-id=\"4dcb6b7\" data-element_type=\"section\" data-e-type=\"section\" data-settings=\"{&quot;stretch_section&quot;:&quot;section-stretched&quot;}\">\n\t\t\t\t\t\t<div class=\"elementor-container elementor-column-gap-default\">\n\t\t\t\t\t<div class=\"elementor-column elementor-col-100 elementor-top-column elementor-element elementor-element-cc6b9c9\" data-id=\"cc6b9c9\" data-element_type=\"column\" data-e-type=\"column\">\n\t\t\t<div class=\"elementor-widget-wrap elementor-element-populated\">\n\t\t\t\t\t\t<div class=\"elementor-element elementor-element-bc85365 elementor-widget elementor-widget-heading\" data-id=\"bc85365\" data-element_type=\"widget\" data-e-type=\"widget\" data-widget_type=\"heading.default\">\n\t\t\t\t<div class=\"elementor-widget-container\">\n\t\t\t\t\t<h1 class=\"elementor-heading-title elementor-size-default\">Rugalmas rakt\u00e1ri kiseg\u00edt\u00e9s \u2013 Ak\u00e1r 24 \u00f3r\u00e1n bel\u00fcl, adminisztr\u00e1ci\u00f3s teher n\u00e9lk\u00fcl!<\/h1>\t\t\t\t<\/div>\n\t\t\t\t<\/div>\n\t\t\t\t<div class=\"elementor-element elementor-element-91e0582 elementor-widget elementor-widget-text-editor\" data-id=\"91e0582\" data-element_type=\"widget\" data-e-type=\"widget\" data-widget_type=\"text-editor.default\">\n\t\t\t\t<div class=\"elementor-widget-container\">\n\t\t\t\t\t\t\t\t\t<h4><span>Megugrott a rendel\u00e9s\u00e1llom\u00e1ny? Lelt\u00e1rozni kellene, de nincs el\u00e9g ember? <\/span><\/h4><h4><span>Tapasztalt alkalmi munkav\u00e1llal\u00f3ink leveszik a v\u00e1ll\u00e1r\u00f3l a monoton feladatok terh\u00e9t.<\/span><\/h4>\t\t\t\t\t\t\t\t<\/div>\n\t\t\t\t<\/div>\n\t\t\t\t<div class=\"elementor-element elementor-element-c3b26b2 elementor-view-default elementor-widget elementor-widget-icon\" data-id=\"c3b26b2\" data-element_type=\"widget\" data-e-type=\"widget\" data-widget_type=\"icon.default\">\n\t\t\t\t<div class=\"elementor-widget-container\">\n\t\t\t\t\t\t\t<div class=\"elementor-icon-wrapper\">\n\t\t\t<div class=\"elementor-icon\">\n\t\t\t<i aria-hidden=\"true\" class=\"fas fa-question-circle\"><\/i>\t\t\t<\/div>\n\t\t<\/div>\n\t\t\t\t\t\t<\/div>\n\t\t\t\t<\/div>\n\t\t\t\t<div class=\"elementor-element elementor-element-39b3a87 elementor-widget elementor-widget-text-editor\" data-id=\"39b3a87\" data-element_type=\"widget\" data-e-type=\"widget\" data-widget_type=\"text-editor.default\">\n\t\t\t\t<div class=\"elementor-widget-container\">\n\t\t\t\t\t\t\t\t\t<h3 data-path-to-node=\"7\">Mi\u00e9rt a NHS Services Kft- t v\u00e1lassza a rakt\u00e1ri feladatokra?<\/h3><p data-path-to-node=\"8\">A rakt\u00e1rvezet\u00e9s legnagyobb kih\u00edv\u00e1sa a fluktu\u00e1ci\u00f3 \u00e9s a hirtelen j\u00f6tt munkacs\u00facsok kezel\u00e9se. Mi seg\u00edt\u00fcnk, hogy \u00d6n a logisztika strat\u00e9giai r\u00e9sz\u00e9re koncentr\u00e1lhasson:<\/p><p data-path-to-node=\"9,0,0\"><b data-path-to-node=\"9,0,0\" data-index-in-node=\"0\">Nincs toborz\u00e1si id\u0151:<\/b> Mi m\u00e1r kiv\u00e1logattuk a megb\u00edzhat\u00f3 munkaer\u0151t.<\/p><p data-path-to-node=\"9,1,0\"><b data-path-to-node=\"9,1,0\" data-index-in-node=\"0\">Nincs TB \u00e9s b\u00e9rsz\u00e1mfejt\u00e9si macera:<\/b> \u00d6nnek csak egy sz\u00e1ml\u00e1t kell kifizetnie fel\u00e9nk.<\/p><p data-path-to-node=\"9,2,0\"><b data-path-to-node=\"9,2,0\" data-index-in-node=\"0\">Sk\u00e1l\u00e1zhat\u00f3s\u00e1g:<\/b> 2 f\u0151 kell egy napra, vagy 20 f\u0151 egy h\u00e9tre? Rugalmasan alkalmazkodunk.<\/p>\t\t\t\t\t\t\t\t<\/div>\n\t\t\t\t<\/div>\n\t\t\t\t<div class=\"elementor-element elementor-element-9e3d8b5 elementor-view-default elementor-widget elementor-widget-icon\" data-id=\"9e3d8b5\" data-element_type=\"widget\" data-e-type=\"widget\" data-widget_type=\"icon.default\">\n\t\t\t\t<div class=\"elementor-widget-container\">\n\t\t\t\t\t\t\t<div class=\"elementor-icon-wrapper\">\n\t\t\t<div class=\"elementor-icon\">\n\t\t\t<i aria-hidden=\"true\" class=\"fas fa-question-circle\"><\/i>\t\t\t<\/div>\n\t\t<\/div>\n\t\t\t\t\t\t<\/div>\n\t\t\t\t<\/div>\n\t\t\t\t\t<\/div>\n\t\t<\/div>\n\t\t\t\t\t<\/div>\n\t\t<\/section>\n\t\t\t\t<section class=\"elementor-section elementor-top-section elementor-element elementor-element-1c3f404 elementor-section-boxed elementor-section-height-default elementor-section-height-default\" data-id=\"1c3f404\" data-element_type=\"section\" data-e-type=\"section\">\n\t\t\t\t\t\t<div class=\"elementor-container elementor-column-gap-default\">\n\t\t\t\t\t<div class=\"elementor-column elementor-col-100 elementor-top-column elementor-element elementor-element-6a2cde2\" data-id=\"6a2cde2\" data-element_type=\"column\" data-e-type=\"column\">\n\t\t\t<div class=\"elementor-widget-wrap elementor-element-populated\">\n\t\t\t\t\t\t<div class=\"elementor-element elementor-element-5e509e5 elementor-widget elementor-widget-text-editor\" data-id=\"5e509e5\" data-element_type=\"widget\" data-e-type=\"widget\" data-widget_type=\"text-editor.default\">\n\t\t\t\t<div class=\"elementor-widget-container\">\n\t\t\t\t\t\t\t\t\t<h3 data-path-to-node=\"12\">Milyen feladatokat b\u00edzhat r\u00e1nk?<\/h3><p data-path-to-node=\"13\">R\u00f6vid t\u00e1v\u00fa, alkalmi vagy projektalap\u00fa megb\u00edz\u00e1sok teljes k\u00f6r\u0171 lebonyol\u00edt\u00e1sa:<\/p><p data-path-to-node=\"14,0,0\"><b data-path-to-node=\"14,0,0\" data-index-in-node=\"0\">C\u00edmk\u00e9z\u00e9s \u00e9s \u00e1raz\u00e1s:<\/b> Vonalk\u00f3doz\u00e1s, akci\u00f3s matric\u00e1z\u00e1s, egys\u00e9gcsomagok \u00f6ssze\u00e1ll\u00edt\u00e1sa.<\/p><p data-path-to-node=\"14,1,0\"><b data-path-to-node=\"14,1,0\" data-index-in-node=\"0\">Lelt\u00e1roz\u00e1s:<\/b> Prec\u00edz, gyors sz\u00e1mol\u00e1s \u00e9s r\u00f6gz\u00edt\u00e9s, ak\u00e1r \u00e9jszakai m\u0171szakban is.<\/p><p data-path-to-node=\"14,2,0\"><b data-path-to-node=\"14,2,0\" data-index-in-node=\"0\">Ruh\u00e1zati logisztika:<\/b> Professzion\u00e1lis hajtogat\u00e1s, v\u00e1llf\u00e1z\u00e1s, m\u00e9ret szerinti v\u00e1logat\u00e1s.<\/p><p data-path-to-node=\"14,3,0\"><b data-path-to-node=\"14,3,0\" data-index-in-node=\"0\">Csomagol\u00e1s \u00e9s pakol\u00e1s:<\/b> Dobozol\u00e1s, raklapoz\u00e1s, kont\u00e9ner\u00fcr\u00edt\u00e9s vagy \u00e1rufelt\u00f6lt\u00e9s.<\/p>\t\t\t\t\t\t\t\t<\/div>\n\t\t\t\t<\/div>\n\t\t\t\t\t<\/div>\n\t\t<\/div>\n\t\t\t\t\t<\/div>\n\t\t<\/section>\n\t\t\t\t<section class=\"elementor-section elementor-top-section elementor-element elementor-element-84dd7c5 elementor-section-boxed elementor-section-height-default elementor-section-height-default\" data-id=\"84dd7c5\" data-element_type=\"section\" data-e-type=\"section\">\n\t\t\t\t\t\t<div class=\"elementor-container elementor-column-gap-default\">\n\t\t\t\t\t<div class=\"elementor-column elementor-col-100 elementor-top-column elementor-element elementor-element-b790844\" data-id=\"b790844\" data-element_type=\"column\" data-e-type=\"column\">\n\t\t\t<div class=\"elementor-widget-wrap elementor-element-populated\">\n\t\t\t\t\t\t<div class=\"elementor-element elementor-element-e35b2bc elementor-view-default elementor-widget elementor-widget-icon\" data-id=\"e35b2bc\" data-element_type=\"widget\" data-e-type=\"widget\" data-widget_type=\"icon.default\">\n\t\t\t\t<div class=\"elementor-widget-container\">\n\t\t\t\t\t\t\t<div class=\"elementor-icon-wrapper\">\n\t\t\t<div class=\"elementor-icon\">\n\t\t\t<i aria-hidden=\"true\" class=\"fas fa-question-circle\"><\/i>\t\t\t<\/div>\n\t\t<\/div>\n\t\t\t\t\t\t<\/div>\n\t\t\t\t<\/div>\n\t\t\t\t<div class=\"elementor-element elementor-element-fbe79d3 elementor-widget elementor-widget-text-editor\" data-id=\"fbe79d3\" data-element_type=\"widget\" data-e-type=\"widget\" data-widget_type=\"text-editor.default\">\n\t\t\t\t<div class=\"elementor-widget-container\">\n\t\t\t\t\t\t\t\t\t<h2 data-path-to-node=\"16\">Hogyan m\u0171k\u00f6dik? \u2013 A folyamat<\/h2><ol start=\"1\" data-path-to-node=\"17\"><li><p data-path-to-node=\"17,0,0\"><b data-path-to-node=\"17,0,0\" data-index-in-node=\"0\">Ig\u00e9nyfelm\u00e9r\u00e9s:<\/b> \u00d6n elmondja, h\u00e1ny f\u0151re, milyen feladatra \u00e9s mikor van sz\u00fcks\u00e9ge.<\/p><\/li><li><p data-path-to-node=\"17,1,0\"><b data-path-to-node=\"17,1,0\" data-index-in-node=\"0\">Kiv\u00e1laszt\u00e1s:<\/b> Mi deleg\u00e1ljuk a feladathoz legink\u00e1bb \u00e9rt\u0151 munkat\u00e1rsakat.<\/p><\/li><li><p data-path-to-node=\"17,2,0\"><b data-path-to-node=\"17,2,0\" data-index-in-node=\"0\">Munkav\u00e9gz\u00e9s:<\/b> Csapatunk meg\u00e9rkezik \u00e9s elv\u00e9gzi a feladatot az \u00d6n ir\u00e1ny\u00edt\u00e1sa mellett.<\/p><\/li><li><p data-path-to-node=\"17,3,0\"><b data-path-to-node=\"17,3,0\" data-index-in-node=\"0\">Elsz\u00e1mol\u00e1s:<\/b> \u00d6n csak a t\u00e9nylegesen ledolgozott \u00f3r\u00e1k ut\u00e1n fizet.<\/p><\/li><\/ol>\t\t\t\t\t\t\t\t<\/div>\n\t\t\t\t<\/div>\n\t\t\t\t<div class=\"elementor-element elementor-element-5d9e9a3 elementor-view-default elementor-widget elementor-widget-icon\" data-id=\"5d9e9a3\" data-element_type=\"widget\" data-e-type=\"widget\" data-widget_type=\"icon.default\">\n\t\t\t\t<div class=\"elementor-widget-container\">\n\t\t\t\t\t\t\t<div class=\"elementor-icon-wrapper\">\n\t\t\t<div class=\"elementor-icon\">\n\t\t\t<i aria-hidden=\"true\" class=\"far fa-check-circle\"><\/i>\t\t\t<\/div>\n\t\t<\/div>\n\t\t\t\t\t\t<\/div>\n\t\t\t\t<\/div>\n\t\t\t\t<div class=\"elementor-element elementor-element-cbfda61 elementor-widget elementor-widget-text-editor\" data-id=\"cbfda61\" data-element_type=\"widget\" data-e-type=\"widget\" data-widget_type=\"text-editor.default\">\n\t\t\t\t<div class=\"elementor-widget-container\">\n\t\t\t\t\t\t\t\t\t<h2><b data-path-to-node=\"23\" data-index-in-node=\"0\">K\u00e9szen \u00e1ll a hat\u00e9konyabb rakt\u00e1rkezel\u00e9sre?<\/b><span> <\/span><\/h2><p><span>Ne v\u00e1rja meg, am\u00edg feltorl\u00f3dik az \u00e1ru!<\/span><\/p><p><span> <\/span><b data-path-to-node=\"23\" data-index-in-node=\"81\">Telefonsz\u00e1m:<\/b><span> +3670 3110674<\/span><\/p><p><b data-path-to-node=\"23\" data-index-in-node=\"113\">Email:<\/b><span> info@nhs.hu<\/span><\/p><h2>AJ\u00c1NLATK\u00c9R\u00c9S<\/h2><h5>4 \u00f3r\u00e1n bel\u00fcl v\u00e1laszolunk!<\/h5><p><span><div class=\"wpforms-container wpforms-container-full\" id=\"wpforms-62\"><form id=\"wpforms-form-62\" class=\"wpforms-validate wpforms-form\" data-formid=\"62\" method=\"post\" enctype=\"multipart\/form-data\" action=\"\/en\/wp-json\/wp\/v2\/pages\/1106\" data-token=\"0ed00c9c7706e538a4fd6bc1be12f0db\" data-token-time=\"1777018542\"><noscript class=\"wpforms-error-noscript\">Please enable JavaScript in your browser to complete this form.<\/noscript><div class=\"wpforms-field-container\"><div id=\"wpforms-62-field_0-container\" class=\"wpforms-field wpforms-field-name wpforms-one-half wpforms-first\" data-field-id=\"0\"><label class=\"wpforms-field-label wpforms-label-hide\" for=\"wpforms-62-field_0\">N\u00e9v <span class=\"wpforms-required-label\">*<\/span><\/label><input type=\"text\" id=\"wpforms-62-field_0\" class=\"wpforms-field-large wpforms-field-required\" name=\"wpforms[fields][0]\" placeholder=\"N\u00e9v:\" required><\/div><div id=\"wpforms-62-field_3-container\" class=\"wpforms-field wpforms-field-email wpforms-one-half\" data-field-id=\"3\"><label class=\"wpforms-field-label wpforms-label-hide\" for=\"wpforms-62-field_3\">Email <span class=\"wpforms-required-label\">*<\/span><\/label><input type=\"email\" id=\"wpforms-62-field_3\" class=\"wpforms-field-large wpforms-field-required\" name=\"wpforms[fields][3]\" placeholder=\"Email c\u00edm:\" spellcheck=\"false\" required><\/div><div id=\"wpforms-62-field_4-container\" class=\"wpforms-field wpforms-field-text\" data-field-id=\"4\"><label class=\"wpforms-field-label wpforms-label-hide\" for=\"wpforms-62-field_4\">Telefonsz\u00e1m <span class=\"wpforms-required-label\">*<\/span><\/label><input type=\"text\" id=\"wpforms-62-field_4\" class=\"wpforms-field-medium wpforms-field-required\" name=\"wpforms[fields][4]\" placeholder=\"Telefonsz\u00e1m:\" required><\/div><div id=\"wpforms-62-field_2-container\" class=\"wpforms-field wpforms-field-textarea\" data-field-id=\"2\"><label class=\"wpforms-field-label wpforms-label-hide\" for=\"wpforms-62-field_2\">\u00dczenet: <span class=\"wpforms-required-label\">*<\/span><\/label><textarea id=\"wpforms-62-field_2\" class=\"wpforms-field-medium wpforms-field-required\" name=\"wpforms[fields][2]\" placeholder=\"Feladat:\" required><\/textarea><\/div><\/div><!-- .wpforms-field-container --><div class=\"wpforms-recaptcha-container wpforms-is-recaptcha wpforms-is-recaptcha-type-invisible\" ><div class=\"g-recaptcha\" data-sitekey=\"6Lc5WnAkAAAAACwFT1Fgc5vl8_ECgKpXuRDyeB89\" data-size=\"invisible\"><\/div><\/div><div class=\"wpforms-submit-container\" ><input type=\"hidden\" name=\"wpforms[id]\" value=\"62\"><input type=\"hidden\" name=\"page_title\" value=\"\"><input type=\"hidden\" name=\"page_url\" value=\"https:\/\/newhostess.com\/en\/wp-json\/wp\/v2\/pages\/1106\"><input type=\"hidden\" name=\"url_referer\" value=\"\"><button type=\"submit\" name=\"wpforms[submit]\" id=\"wpforms-submit-62\" class=\"wpforms-submit\" data-alt-text=\"K\u00fcld\u00e9s...\" data-submit-text=\"Elk\u00fcld\u00f6m\" aria-live=\"assertive\" value=\"wpforms-submit\">Elk\u00fcld\u00f6m<\/button><\/div><\/form><\/div>  <!-- .wpforms-container --><\/span><\/p>\t\t\t\t\t\t\t\t<\/div>\n\t\t\t\t<\/div>\n\t\t\t\t\t<\/div>\n\t\t<\/div>\n\t\t\t\t\t<\/div>\n\t\t<\/section>\n\t\t\t\t<\/div>\n\t\t","protected":false},"excerpt":{"rendered":"<p>Rugalmas rakt\u00e1ri kiseg\u00edt\u00e9s \u2013 Ak\u00e1r 24 \u00f3r\u00e1n bel\u00fcl, adminisztr\u00e1ci\u00f3s teher n\u00e9lk\u00fcl! Megugrott a rendel\u00e9s\u00e1llom\u00e1ny? Lelt\u00e1rozni kellene, de nincs el\u00e9g ember? Tapasztalt alkalmi munkav\u00e1llal\u00f3ink leveszik a v\u00e1ll\u00e1r\u00f3l a monoton feladatok terh\u00e9t. Mi\u00e9rt a NHS Services Kft- t v\u00e1lassza a rakt\u00e1ri feladatokra? A rakt\u00e1rvezet\u00e9s legnagyobb kih\u00edv\u00e1sa a fluktu\u00e1ci\u00f3 \u00e9s a hirtelen j\u00f6tt [&hellip;]<\/p>\n","protected":false},"author":1,"featured_media":1138,"parent":0,"menu_order":0,"comment_status":"closed","ping_status":"closed","template":"","meta":{"_monsterinsights_skip_tracking":false,"_monsterinsights_sitenote_active":false,"_monsterinsights_sitenote_note":"","_monsterinsights_sitenote_category":0,"_themeisle_gutenberg_block_has_review":false,"footnotes":""},"class_list":["post-1106","page","type-page","status-publish","has-post-thumbnail","hentry"],"yoast_head":"<!-- This site is optimized with the Yoast SEO plugin v27.4 - https:\/\/yoast.com\/product\/yoast-seo-wordpress\/ -->\n<title>Rakt\u00e1ri kiseg\u00edt\u00e9s - New Hostess<\/title>\n<meta name=\"robots\" content=\"index, follow, max-snippet:-1, max-image-preview:large, max-video-preview:-1\" \/>\n<link rel=\"canonical\" href=\"https:\/\/newhostess.com\/en\/raktari-kisegites\/\" \/>\n<meta property=\"og:locale\" content=\"en_US\" \/>\n<meta property=\"og:type\" content=\"article\" \/>\n<meta property=\"og:title\" content=\"Rakt\u00e1ri kiseg\u00edt\u00e9s - New Hostess\" \/>\n<meta property=\"og:description\" content=\"Rugalmas rakt\u00e1ri kiseg\u00edt\u00e9s \u2013 Ak\u00e1r 24 \u00f3r\u00e1n bel\u00fcl, adminisztr\u00e1ci\u00f3s teher n\u00e9lk\u00fcl! Megugrott a rendel\u00e9s\u00e1llom\u00e1ny? Lelt\u00e1rozni kellene, de nincs el\u00e9g ember? Tapasztalt alkalmi munkav\u00e1llal\u00f3ink leveszik a v\u00e1ll\u00e1r\u00f3l a monoton feladatok terh\u00e9t. Mi\u00e9rt a NHS Services Kft- t v\u00e1lassza a rakt\u00e1ri feladatokra? A rakt\u00e1rvezet\u00e9s legnagyobb kih\u00edv\u00e1sa a fluktu\u00e1ci\u00f3 \u00e9s a hirtelen j\u00f6tt [&hellip;]\" \/>\n<meta property=\"og:url\" content=\"https:\/\/newhostess.com\/en\/raktari-kisegites\/\" \/>\n<meta property=\"og:site_name\" content=\"New Hostess\" \/>\n<meta property=\"article:modified_time\" content=\"2026-04-15T12:05:25+00:00\" \/>\n<meta property=\"og:image\" content=\"https:\/\/newhostess.com\/wp-content\/uploads\/2026\/04\/raki_munka-scaled.jpg\" \/>\n\t<meta property=\"og:image:width\" content=\"2560\" \/>\n\t<meta property=\"og:image:height\" content=\"1102\" \/>\n\t<meta property=\"og:image:type\" content=\"image\/jpeg\" \/>\n<meta name=\"twitter:card\" content=\"summary_large_image\" \/>\n<meta name=\"twitter:label1\" content=\"Est. reading time\" \/>\n\t<meta name=\"twitter:data1\" content=\"2 minutes\" \/>\n<script type=\"application\/ld+json\" class=\"yoast-schema-graph\">{\"@context\":\"https:\\\/\\\/schema.org\",\"@graph\":[{\"@type\":\"WebPage\",\"@id\":\"https:\\\/\\\/newhostess.com\\\/raktari-kisegites\\\/\",\"url\":\"https:\\\/\\\/newhostess.com\\\/raktari-kisegites\\\/\",\"name\":\"Rakt\u00e1ri kiseg\u00edt\u00e9s - New Hostess\",\"isPartOf\":{\"@id\":\"https:\\\/\\\/newhostess.com\\\/#website\"},\"primaryImageOfPage\":{\"@id\":\"https:\\\/\\\/newhostess.com\\\/raktari-kisegites\\\/#primaryimage\"},\"image\":{\"@id\":\"https:\\\/\\\/newhostess.com\\\/raktari-kisegites\\\/#primaryimage\"},\"thumbnailUrl\":\"https:\\\/\\\/newhostess.com\\\/wp-content\\\/uploads\\\/2026\\\/04\\\/raki_munka-scaled.jpg\",\"datePublished\":\"2026-04-15T11:20:45+00:00\",\"dateModified\":\"2026-04-15T12:05:25+00:00\",\"breadcrumb\":{\"@id\":\"https:\\\/\\\/newhostess.com\\\/raktari-kisegites\\\/#breadcrumb\"},\"inLanguage\":\"en-US\",\"potentialAction\":[{\"@type\":\"ReadAction\",\"target\":[\"https:\\\/\\\/newhostess.com\\\/raktari-kisegites\\\/\"]}]},{\"@type\":\"ImageObject\",\"inLanguage\":\"en-US\",\"@id\":\"https:\\\/\\\/newhostess.com\\\/raktari-kisegites\\\/#primaryimage\",\"url\":\"https:\\\/\\\/newhostess.com\\\/wp-content\\\/uploads\\\/2026\\\/04\\\/raki_munka-scaled.jpg\",\"contentUrl\":\"https:\\\/\\\/newhostess.com\\\/wp-content\\\/uploads\\\/2026\\\/04\\\/raki_munka-scaled.jpg\",\"width\":2560,\"height\":1102},{\"@type\":\"BreadcrumbList\",\"@id\":\"https:\\\/\\\/newhostess.com\\\/raktari-kisegites\\\/#breadcrumb\",\"itemListElement\":[{\"@type\":\"ListItem\",\"position\":1,\"name\":\"Home\",\"item\":\"https:\\\/\\\/newhostess.com\\\/\"},{\"@type\":\"ListItem\",\"position\":2,\"name\":\"Rakt\u00e1ri kiseg\u00edt\u00e9s\"}]},{\"@type\":\"WebSite\",\"@id\":\"https:\\\/\\\/newhostess.com\\\/#website\",\"url\":\"https:\\\/\\\/newhostess.com\\\/\",\"name\":\"New Hostess\",\"description\":\"\",\"publisher\":{\"@id\":\"https:\\\/\\\/newhostess.com\\\/#organization\"},\"potentialAction\":[{\"@type\":\"SearchAction\",\"target\":{\"@type\":\"EntryPoint\",\"urlTemplate\":\"https:\\\/\\\/newhostess.com\\\/?s={search_term_string}\"},\"query-input\":{\"@type\":\"PropertyValueSpecification\",\"valueRequired\":true,\"valueName\":\"search_term_string\"}}],\"inLanguage\":\"en-US\"},{\"@type\":\"Organization\",\"@id\":\"https:\\\/\\\/newhostess.com\\\/#organization\",\"name\":\"New Hostess\",\"url\":\"https:\\\/\\\/newhostess.com\\\/\",\"logo\":{\"@type\":\"ImageObject\",\"inLanguage\":\"en-US\",\"@id\":\"https:\\\/\\\/newhostess.com\\\/#\\\/schema\\\/logo\\\/image\\\/\",\"url\":\"https:\\\/\\\/newhostess.com\\\/wp-content\\\/uploads\\\/2023\\\/02\\\/cropped-NHS-logo-uj-s.png\",\"contentUrl\":\"https:\\\/\\\/newhostess.com\\\/wp-content\\\/uploads\\\/2023\\\/02\\\/cropped-NHS-logo-uj-s.png\",\"width\":1197,\"height\":493,\"caption\":\"New Hostess\"},\"image\":{\"@id\":\"https:\\\/\\\/newhostess.com\\\/#\\\/schema\\\/logo\\\/image\\\/\"}}]}<\/script>\n<!-- \/ Yoast SEO plugin. -->","yoast_head_json":{"title":"Rakt\u00e1ri kiseg\u00edt\u00e9s - New Hostess","robots":{"index":"index","follow":"follow","max-snippet":"max-snippet:-1","max-image-preview":"max-image-preview:large","max-video-preview":"max-video-preview:-1"},"canonical":"https:\/\/newhostess.com\/en\/raktari-kisegites\/","og_locale":"en_US","og_type":"article","og_title":"Rakt\u00e1ri kiseg\u00edt\u00e9s - New Hostess","og_description":"Rugalmas rakt\u00e1ri kiseg\u00edt\u00e9s \u2013 Ak\u00e1r 24 \u00f3r\u00e1n bel\u00fcl, adminisztr\u00e1ci\u00f3s teher n\u00e9lk\u00fcl! Megugrott a rendel\u00e9s\u00e1llom\u00e1ny? Lelt\u00e1rozni kellene, de nincs el\u00e9g ember? Tapasztalt alkalmi munkav\u00e1llal\u00f3ink leveszik a v\u00e1ll\u00e1r\u00f3l a monoton feladatok terh\u00e9t. Mi\u00e9rt a NHS Services Kft- t v\u00e1lassza a rakt\u00e1ri feladatokra? A rakt\u00e1rvezet\u00e9s legnagyobb kih\u00edv\u00e1sa a fluktu\u00e1ci\u00f3 \u00e9s a hirtelen j\u00f6tt [&hellip;]","og_url":"https:\/\/newhostess.com\/en\/raktari-kisegites\/","og_site_name":"New Hostess","article_modified_time":"2026-04-15T12:05:25+00:00","og_image":[{"width":2560,"height":1102,"url":"https:\/\/newhostess.com\/wp-content\/uploads\/2026\/04\/raki_munka-scaled.jpg","type":"image\/jpeg"}],"twitter_card":"summary_large_image","twitter_misc":{"Est. reading time":"2 minutes"},"schema":{"@context":"https:\/\/schema.org","@graph":[{"@type":"WebPage","@id":"https:\/\/newhostess.com\/raktari-kisegites\/","url":"https:\/\/newhostess.com\/raktari-kisegites\/","name":"Rakt\u00e1ri kiseg\u00edt\u00e9s - New Hostess","isPartOf":{"@id":"https:\/\/newhostess.com\/#website"},"primaryImageOfPage":{"@id":"https:\/\/newhostess.com\/raktari-kisegites\/#primaryimage"},"image":{"@id":"https:\/\/newhostess.com\/raktari-kisegites\/#primaryimage"},"thumbnailUrl":"https:\/\/newhostess.com\/wp-content\/uploads\/2026\/04\/raki_munka-scaled.jpg","datePublished":"2026-04-15T11:20:45+00:00","dateModified":"2026-04-15T12:05:25+00:00","breadcrumb":{"@id":"https:\/\/newhostess.com\/raktari-kisegites\/#breadcrumb"},"inLanguage":"en-US","potentialAction":[{"@type":"ReadAction","target":["https:\/\/newhostess.com\/raktari-kisegites\/"]}]},{"@type":"ImageObject","inLanguage":"en-US","@id":"https:\/\/newhostess.com\/raktari-kisegites\/#primaryimage","url":"https:\/\/newhostess.com\/wp-content\/uploads\/2026\/04\/raki_munka-scaled.jpg","contentUrl":"https:\/\/newhostess.com\/wp-content\/uploads\/2026\/04\/raki_munka-scaled.jpg","width":2560,"height":1102},{"@type":"BreadcrumbList","@id":"https:\/\/newhostess.com\/raktari-kisegites\/#breadcrumb","itemListElement":[{"@type":"ListItem","position":1,"name":"Home","item":"https:\/\/newhostess.com\/"},{"@type":"ListItem","position":2,"name":"Rakt\u00e1ri kiseg\u00edt\u00e9s"}]},{"@type":"WebSite","@id":"https:\/\/newhostess.com\/#website","url":"https:\/\/newhostess.com\/","name":"New Hostess","description":"","publisher":{"@id":"https:\/\/newhostess.com\/#organization"},"potentialAction":[{"@type":"SearchAction","target":{"@type":"EntryPoint","urlTemplate":"https:\/\/newhostess.com\/?s={search_term_string}"},"query-input":{"@type":"PropertyValueSpecification","valueRequired":true,"valueName":"search_term_string"}}],"inLanguage":"en-US"},{"@type":"Organization","@id":"https:\/\/newhostess.com\/#organization","name":"New Hostess","url":"https:\/\/newhostess.com\/","logo":{"@type":"ImageObject","inLanguage":"en-US","@id":"https:\/\/newhostess.com\/#\/schema\/logo\/image\/","url":"https:\/\/newhostess.com\/wp-content\/uploads\/2023\/02\/cropped-NHS-logo-uj-s.png","contentUrl":"https:\/\/newhostess.com\/wp-content\/uploads\/2023\/02\/cropped-NHS-logo-uj-s.png","width":1197,"height":493,"caption":"New Hostess"},"image":{"@id":"https:\/\/newhostess.com\/#\/schema\/logo\/image\/"}}]}},"_links":{"self":[{"href":"https:\/\/newhostess.com\/en\/wp-json\/wp\/v2\/pages\/1106","targetHints":{"allow":["GET"]}}],"collection":[{"href":"https:\/\/newhostess.com\/en\/wp-json\/wp\/v2\/pages"}],"about":[{"href":"https:\/\/newhostess.com\/en\/wp-json\/wp\/v2\/types\/page"}],"author":[{"embeddable":true,"href":"https:\/\/newhostess.com\/en\/wp-json\/wp\/v2\/users\/1"}],"replies":[{"embeddable":true,"href":"https:\/\/newhostess.com\/en\/wp-json\/wp\/v2\/comments?post=1106"}],"version-history":[{"count":34,"href":"https:\/\/newhostess.com\/en\/wp-json\/wp\/v2\/pages\/1106\/revisions"}],"predecessor-version":[{"id":1148,"href":"https:\/\/newhostess.com\/en\/wp-json\/wp\/v2\/pages\/1106\/revisions\/1148"}],"wp:featuredmedia":[{"embeddable":true,"href":"https:\/\/newhostess.com\/en\/wp-json\/wp\/v2\/media\/1138"}],"wp:attachment":[{"href":"https:\/\/newhostess.com\/en\/wp-json\/wp\/v2\/media?parent=1106"}],"curies":[{"name":"wp","href":"https:\/\/api.w.org\/{rel}","templated":true}]}}