{"id":13,"date":"2023-02-09T13:22:20","date_gmt":"2023-02-09T13:22:20","guid":{"rendered":"https:\/\/newhostess.com\/?page_id=13"},"modified":"2026-02-19T08:15:34","modified_gmt":"2026-02-19T08:15:34","slug":"kapcsolat","status":"publish","type":"page","link":"https:\/\/newhostess.com\/en\/kapcsolat\/","title":{"rendered":"Contact"},"content":{"rendered":"\t\t<div data-elementor-type=\"wp-page\" data-elementor-id=\"13\" class=\"elementor elementor-13\">\n\t\t\t\t\t\t<section class=\"elementor-section elementor-top-section elementor-element elementor-element-4af64dad elementor-section-full_width elementor-section-stretched elementor-section-height-default elementor-section-height-default\" data-id=\"4af64dad\" data-element_type=\"section\" data-e-type=\"section\" data-settings=\"{&quot;stretch_section&quot;:&quot;section-stretched&quot;}\">\n\t\t\t\t\t\t<div class=\"elementor-container elementor-column-gap-no\">\n\t\t\t\t\t<div class=\"elementor-column elementor-col-100 elementor-top-column elementor-element elementor-element-46618a10\" data-id=\"46618a10\" data-element_type=\"column\" data-e-type=\"column\">\n\t\t\t<div class=\"elementor-widget-wrap elementor-element-populated\">\n\t\t\t\t\t\t<div class=\"elementor-element elementor-element-513ef06 elementor-widget__width-inherit elementor-widget elementor-widget-google_maps\" data-id=\"513ef06\" data-element_type=\"widget\" data-e-type=\"widget\" data-widget_type=\"google_maps.default\">\n\t\t\t\t<div class=\"elementor-widget-container\">\n\t\t\t\t\t\t\t<div class=\"elementor-custom-embed\">\n\t\t\t<iframe loading=\"lazy\"\n\t\t\t\t\tsrc=\"https:\/\/maps.google.com\/maps?q=1119%20Budapest%20etele%20%C3%BAt%2059-61.&#038;t=m&#038;z=10&#038;output=embed&#038;iwloc=near\"\n\t\t\t\t\ttitle=\"1119 Budapest etele \u00fat 59-61.\"\n\t\t\t\t\taria-label=\"1119 Budapest etele \u00fat 59-61.\"\n\t\t\t><\/iframe>\n\t\t<\/div>\n\t\t\t\t\t\t<\/div>\n\t\t\t\t<\/div>\n\t\t\t\t\t<\/div>\n\t\t<\/div>\n\t\t\t\t\t<\/div>\n\t\t<\/section>\n\t\t\t\t<section class=\"elementor-section elementor-top-section elementor-element elementor-element-1a743e3 elementor-section-boxed elementor-section-height-default elementor-section-height-default\" data-id=\"1a743e3\" data-element_type=\"section\" data-e-type=\"section\">\n\t\t\t\t\t\t<div class=\"elementor-container elementor-column-gap-default\">\n\t\t\t\t\t<div class=\"elementor-column elementor-col-50 elementor-top-column elementor-element elementor-element-255e061\" data-id=\"255e061\" data-element_type=\"column\" data-e-type=\"column\">\n\t\t\t<div class=\"elementor-widget-wrap elementor-element-populated\">\n\t\t\t\t\t\t<div class=\"elementor-element elementor-element-1b4ec0b elementor-widget elementor-widget-spacer\" data-id=\"1b4ec0b\" data-element_type=\"widget\" data-e-type=\"widget\" data-widget_type=\"spacer.default\">\n\t\t\t\t<div class=\"elementor-widget-container\">\n\t\t\t\t\t\t\t<div class=\"elementor-spacer\">\n\t\t\t<div class=\"elementor-spacer-inner\"><\/div>\n\t\t<\/div>\n\t\t\t\t\t\t<\/div>\n\t\t\t\t<\/div>\n\t\t\t\t<div class=\"elementor-element elementor-element-416cec1 elementor-widget elementor-widget-heading\" data-id=\"416cec1\" data-element_type=\"widget\" data-e-type=\"widget\" data-widget_type=\"heading.default\">\n\t\t\t\t<div class=\"elementor-widget-container\">\n\t\t\t\t\t<h2 class=\"elementor-heading-title elementor-size-default\">K\u00e9rj aj\u00e1nlatot!<\/h2>\t\t\t\t<\/div>\n\t\t\t\t<\/div>\n\t\t\t\t<div class=\"elementor-element elementor-element-275e452 elementor-widget elementor-widget-spacer\" data-id=\"275e452\" data-element_type=\"widget\" data-e-type=\"widget\" data-widget_type=\"spacer.default\">\n\t\t\t\t<div class=\"elementor-widget-container\">\n\t\t\t\t\t\t\t<div class=\"elementor-spacer\">\n\t\t\t<div class=\"elementor-spacer-inner\"><\/div>\n\t\t<\/div>\n\t\t\t\t\t\t<\/div>\n\t\t\t\t<\/div>\n\t\t\t\t<div class=\"elementor-element elementor-element-fbd0e5e elementor-widget elementor-widget-text-editor\" data-id=\"fbd0e5e\" data-element_type=\"widget\" data-e-type=\"widget\" data-widget_type=\"text-editor.default\">\n\t\t\t\t<div class=\"elementor-widget-container\">\n\t\t\t\t\t\t\t\t\t\n<div class=\"wpcf7 no-js\" id=\"wpcf7-f514-o1\" lang=\"hu-HU\" dir=\"ltr\" data-wpcf7-id=\"514\">\n<div class=\"screen-reader-response\"><p role=\"status\" aria-live=\"polite\" aria-atomic=\"true\"><\/p> <ul><\/ul><\/div>\n<form action=\"\/en\/wp-json\/wp\/v2\/pages\/13#wpcf7-f514-o1\" method=\"post\" class=\"wpcf7-form init\" aria-label=\"Kapcsolatfelv\u00e9teli \u0171rlap\" novalidate=\"novalidate\" data-status=\"init\">\n<fieldset class=\"hidden-fields-container\"><input type=\"hidden\" name=\"_wpcf7\" value=\"514\" \/><input type=\"hidden\" name=\"_wpcf7_version\" value=\"6.1.5\" \/><input type=\"hidden\" name=\"_wpcf7_locale\" value=\"hu_HU\" \/><input type=\"hidden\" name=\"_wpcf7_unit_tag\" value=\"wpcf7-f514-o1\" \/><input type=\"hidden\" name=\"_wpcf7_container_post\" value=\"0\" \/><input type=\"hidden\" name=\"_wpcf7_posted_data_hash\" value=\"\" \/>\n<\/fieldset>\n<p><label> N\u00e9v<br \/>\n<span class=\"wpcf7-form-control-wrap\" data-name=\"your-name\"><input size=\"40\" maxlength=\"400\" class=\"wpcf7-form-control wpcf7-text wpcf7-validates-as-required\" autocomplete=\"name\" aria-required=\"true\" aria-invalid=\"false\" value=\"\" type=\"text\" name=\"your-name\" \/><\/span> <\/label>\n<\/p>\n<p><label> E-mail c\u00edm<br \/>\n<span class=\"wpcf7-form-control-wrap\" data-name=\"your-email\"><input size=\"40\" maxlength=\"400\" class=\"wpcf7-form-control wpcf7-email wpcf7-validates-as-required wpcf7-text wpcf7-validates-as-email\" autocomplete=\"email\" aria-required=\"true\" aria-invalid=\"false\" value=\"\" type=\"email\" name=\"your-email\" \/><\/span> <\/label>\n<\/p>\n<p><label> Telefonsz\u00e1m:<br \/>\n<span class=\"wpcf7-form-control-wrap\" data-name=\"your-subject\"><input size=\"40\" maxlength=\"400\" class=\"wpcf7-form-control wpcf7-text wpcf7-validates-as-required\" aria-required=\"true\" aria-invalid=\"false\" value=\"\" type=\"text\" name=\"your-subject\" \/><\/span> <\/label>\n<\/p>\n<p><label> Miben seg\u00edts\u00fcnk?<br \/>\n<span class=\"wpcf7-form-control-wrap\" data-name=\"your-message\"><textarea cols=\"40\" rows=\"10\" maxlength=\"2000\" class=\"wpcf7-form-control wpcf7-textarea\" aria-invalid=\"false\" name=\"your-message\"><\/textarea><\/span> <\/label>\n<\/p>\n<p><input class=\"wpcf7-form-control wpcf7-submit has-spinner\" type=\"submit\" value=\"K\u00fcld\u00e9s\" \/>\n<\/p><p style=\"display: none !important;\" class=\"akismet-fields-container\" data-prefix=\"_wpcf7_ak_\"><label>&#916;<textarea name=\"_wpcf7_ak_hp_textarea\" cols=\"45\" rows=\"8\" maxlength=\"100\"><\/textarea><\/label><input type=\"hidden\" id=\"ak_js_1\" name=\"_wpcf7_ak_js\" value=\"78\"\/><script type=\"text\/javascript\">\n\/* <![CDATA[ *\/\ndocument.getElementById( \"ak_js_1\" ).setAttribute( \"value\", ( new Date() ).getTime() );\n\/* ]]> *\/\n<\/script>\n<\/p><div class=\"wpcf7-response-output\" aria-hidden=\"true\"><\/div>\n<\/form>\n<\/div>\n\t\t\t\t\t\t\t\t<\/div>\n\t\t\t\t<\/div>\n\t\t\t\t\t<\/div>\n\t\t<\/div>\n\t\t\t\t<div class=\"elementor-column elementor-col-50 elementor-top-column elementor-element elementor-element-344f9c1\" data-id=\"344f9c1\" data-element_type=\"column\" data-e-type=\"column\">\n\t\t\t<div class=\"elementor-widget-wrap elementor-element-populated\">\n\t\t\t\t\t\t<div class=\"elementor-element elementor-element-6042f08 elementor-widget elementor-widget-spacer\" data-id=\"6042f08\" data-element_type=\"widget\" data-e-type=\"widget\" data-widget_type=\"spacer.default\">\n\t\t\t\t<div class=\"elementor-widget-container\">\n\t\t\t\t\t\t\t<div class=\"elementor-spacer\">\n\t\t\t<div class=\"elementor-spacer-inner\"><\/div>\n\t\t<\/div>\n\t\t\t\t\t\t<\/div>\n\t\t\t\t<\/div>\n\t\t\t\t<div class=\"elementor-element elementor-element-5f5a905 elementor-widget elementor-widget-text-editor\" data-id=\"5f5a905\" data-element_type=\"widget\" data-e-type=\"widget\" data-widget_type=\"text-editor.default\">\n\t\t\t\t<div class=\"elementor-widget-container\">\n\t\t\t\t\t\t\t\t\t<div class=\"wp-block-column is-vertically-aligned-center\"><div class=\"wp-block-column\"><h4 class=\"has-text-align-left hestia-title has-text-color\"><img decoding=\"async\" class=\"wp-image-86\" src=\"https:\/\/newhostess.com\/wp-content\/themes\/hestia-pro\/assets\/img\/contact1.png\" alt=\"Map icon\" \/>\u00a0 \u00a0<strong>Irod\u00e1nk<\/strong><\/h4><p class=\"has-text-align-left has-text-color\">1119 Budapest<br \/>Etele \u00fat 59-61.<br \/>Hungary<\/p><p>.<\/p><\/div><div aria-hidden=\"true\" class=\"wp-block-spacer\"><\/div><div class=\"wp-block-column\"><h4 class=\"has-text-align-left hestia-title has-text-color\"><img decoding=\"async\" class=\"wp-image-98\" src=\"https:\/\/newhostess.com\/wp-content\/themes\/hestia-pro\/assets\/img\/contact2.png\" alt=\"\" \/>\u00a0 \u00a0\u00a0<strong>H\u00edvj minket telefonon<\/strong><\/h4><p class=\"has-text-align-left has-text-color\">Szil\u00e1gyi D\u00f3ri<br \/>+36 70 555 8000<br \/>H\u00e9tf\u0151t\u0151l &#8211; P\u00e9ntekig, 9:00-16:00<\/p><p>.<\/p><\/div><\/div><div aria-hidden=\"true\" class=\"wp-block-spacer\"><\/div><div class=\"wp-block-column is-vertically-aligned-center\"><div class=\"wp-block-column\"><h4 class=\"has-text-align-left hestia-title has-text-color\"><img decoding=\"async\" class=\"wp-image-105\" src=\"https:\/\/newhostess.com\/wp-content\/themes\/hestia-pro\/assets\/img\/contact3.png\" alt=\"\" \/><strong>\u00a0 \u00a0 C\u00e9g inform\u00e1ci\u00f3k<\/strong><\/h4><p class=\"has-text-align-left has-text-color\">NHS Services Kft.<br \/>1119 Budapest, Etele ut 59-61.<br \/>Ad\u00f3sz\u00e1m: 26711573-2-43\u00a0 VAT: HU26711573<br \/>C\u00e9gjegyz\u00e9ksz\u00e1m:\u00a0\u00a001-09-350207<\/p><\/div><div class=\"wp-block-column\"><\/div><\/div>\t\t\t\t\t\t\t\t<\/div>\n\t\t\t\t<\/div>\n\t\t\t\t\t<\/div>\n\t\t<\/div>\n\t\t\t\t\t<\/div>\n\t\t<\/section>\n\t\t\t\t<section class=\"elementor-section elementor-top-section elementor-element elementor-element-b8d77c1 elementor-section-boxed elementor-section-height-default elementor-section-height-default\" data-id=\"b8d77c1\" data-element_type=\"section\" data-e-type=\"section\">\n\t\t\t\t\t\t<div class=\"elementor-container elementor-column-gap-default\">\n\t\t\t\t\t<div class=\"elementor-column elementor-col-100 elementor-top-column elementor-element elementor-element-d89d83e\" data-id=\"d89d83e\" data-element_type=\"column\" data-e-type=\"column\">\n\t\t\t<div class=\"elementor-widget-wrap elementor-element-populated\">\n\t\t\t\t\t\t<div class=\"elementor-element elementor-element-e26c7b4 elementor-widget elementor-widget-spacer\" data-id=\"e26c7b4\" data-element_type=\"widget\" data-e-type=\"widget\" data-widget_type=\"spacer.default\">\n\t\t\t\t<div class=\"elementor-widget-container\">\n\t\t\t\t\t\t\t<div class=\"elementor-spacer\">\n\t\t\t<div class=\"elementor-spacer-inner\"><\/div>\n\t\t<\/div>\n\t\t\t\t\t\t<\/div>\n\t\t\t\t<\/div>\n\t\t\t\t\t<\/div>\n\t\t<\/div>\n\t\t\t\t\t<\/div>\n\t\t<\/section>\n\t\t\t\t<\/div>\n\t\t","protected":false},"excerpt":{"rendered":"<p>K\u00e9rj aj\u00e1nlatot! \u00a0 \u00a0Irod\u00e1nk 1119 BudapestEtele \u00fat 59-61.Hungary . \u00a0 \u00a0\u00a0H\u00edvj minket telefonon Szil\u00e1gyi D\u00f3ri+36 70 555 8000H\u00e9tf\u0151t\u0151l &#8211; P\u00e9ntekig, 9:00-16:00 . \u00a0 \u00a0 C\u00e9g inform\u00e1ci\u00f3k NHS Services Kft.1119 Budapest, Etele ut 59-61.Ad\u00f3sz\u00e1m: 26711573-2-43\u00a0 VAT: HU26711573C\u00e9gjegyz\u00e9ksz\u00e1m:\u00a0\u00a001-09-350207<\/p>","protected":false},"author":1,"featured_media":5,"parent":0,"menu_order":0,"comment_status":"closed","ping_status":"closed","template":"page-templates\/template-pagebuilder-full-width.php","meta":{"_monsterinsights_skip_tracking":false,"_monsterinsights_sitenote_active":false,"_monsterinsights_sitenote_note":"","_monsterinsights_sitenote_category":0,"_themeisle_gutenberg_block_has_review":false,"footnotes":""},"class_list":["post-13","page","type-page","status-publish","has-post-thumbnail","hentry"],"yoast_head":"<!-- This site is optimized with the Yoast SEO plugin v27.4 - https:\/\/yoast.com\/product\/yoast-seo-wordpress\/ -->\n<title>Kapcsolat - New Hostess<\/title>\n<meta name=\"robots\" content=\"index, follow, max-snippet:-1, max-image-preview:large, max-video-preview:-1\" \/>\n<link rel=\"canonical\" href=\"https:\/\/newhostess.com\/en\/kapcsolat\/\" \/>\n<meta property=\"og:locale\" content=\"en_US\" \/>\n<meta property=\"og:type\" content=\"article\" \/>\n<meta property=\"og:title\" content=\"Kapcsolat - New Hostess\" \/>\n<meta property=\"og:description\" content=\"K\u00e9rj aj\u00e1nlatot! \u00a0 \u00a0Irod\u00e1nk 1119 BudapestEtele \u00fat 59-61.Hungary . \u00a0 \u00a0\u00a0H\u00edvj minket telefonon Szil\u00e1gyi D\u00f3ri+36 70 555 8000H\u00e9tf\u0151t\u0151l &#8211; P\u00e9ntekig, 9:00-16:00 . \u00a0 \u00a0 C\u00e9g inform\u00e1ci\u00f3k NHS Services Kft.1119 Budapest, Etele ut 59-61.Ad\u00f3sz\u00e1m: 26711573-2-43\u00a0 VAT: HU26711573C\u00e9gjegyz\u00e9ksz\u00e1m:\u00a0\u00a001-09-350207\" \/>\n<meta property=\"og:url\" content=\"https:\/\/newhostess.com\/en\/kapcsolat\/\" \/>\n<meta property=\"og:site_name\" content=\"New Hostess\" \/>\n<meta property=\"article:modified_time\" content=\"2026-02-19T08:15:34+00:00\" \/>\n<meta property=\"og:image\" content=\"https:\/\/newhostess.com\/wp-content\/uploads\/2023\/02\/contact.jpg\" \/>\n\t<meta property=\"og:image:width\" content=\"1024\" \/>\n\t<meta property=\"og:image:height\" content=\"683\" \/>\n\t<meta property=\"og:image:type\" content=\"image\/jpeg\" \/>\n<meta name=\"twitter:card\" content=\"summary_large_image\" \/>\n<meta name=\"twitter:label1\" content=\"Est. reading time\" \/>\n\t<meta name=\"twitter:data1\" content=\"1 minute\" \/>\n<script type=\"application\/ld+json\" class=\"yoast-schema-graph\">{\"@context\":\"https:\\\/\\\/schema.org\",\"@graph\":[{\"@type\":\"WebPage\",\"@id\":\"https:\\\/\\\/newhostess.com\\\/kapcsolat\\\/\",\"url\":\"https:\\\/\\\/newhostess.com\\\/kapcsolat\\\/\",\"name\":\"Kapcsolat - New Hostess\",\"isPartOf\":{\"@id\":\"https:\\\/\\\/newhostess.com\\\/#website\"},\"primaryImageOfPage\":{\"@id\":\"https:\\\/\\\/newhostess.com\\\/kapcsolat\\\/#primaryimage\"},\"image\":{\"@id\":\"https:\\\/\\\/newhostess.com\\\/kapcsolat\\\/#primaryimage\"},\"thumbnailUrl\":\"https:\\\/\\\/newhostess.com\\\/wp-content\\\/uploads\\\/2023\\\/02\\\/contact.jpg\",\"datePublished\":\"2023-02-09T13:22:20+00:00\",\"dateModified\":\"2026-02-19T08:15:34+00:00\",\"breadcrumb\":{\"@id\":\"https:\\\/\\\/newhostess.com\\\/kapcsolat\\\/#breadcrumb\"},\"inLanguage\":\"en-US\",\"potentialAction\":[{\"@type\":\"ReadAction\",\"target\":[\"https:\\\/\\\/newhostess.com\\\/kapcsolat\\\/\"]}]},{\"@type\":\"ImageObject\",\"inLanguage\":\"en-US\",\"@id\":\"https:\\\/\\\/newhostess.com\\\/kapcsolat\\\/#primaryimage\",\"url\":\"https:\\\/\\\/newhostess.com\\\/wp-content\\\/uploads\\\/2023\\\/02\\\/contact.jpg\",\"contentUrl\":\"https:\\\/\\\/newhostess.com\\\/wp-content\\\/uploads\\\/2023\\\/02\\\/contact.jpg\",\"width\":1024,\"height\":683},{\"@type\":\"BreadcrumbList\",\"@id\":\"https:\\\/\\\/newhostess.com\\\/kapcsolat\\\/#breadcrumb\",\"itemListElement\":[{\"@type\":\"ListItem\",\"position\":1,\"name\":\"Home\",\"item\":\"https:\\\/\\\/newhostess.com\\\/\"},{\"@type\":\"ListItem\",\"position\":2,\"name\":\"Kapcsolat\"}]},{\"@type\":\"WebSite\",\"@id\":\"https:\\\/\\\/newhostess.com\\\/#website\",\"url\":\"https:\\\/\\\/newhostess.com\\\/\",\"name\":\"New Hostess\",\"description\":\"\",\"publisher\":{\"@id\":\"https:\\\/\\\/newhostess.com\\\/#organization\"},\"potentialAction\":[{\"@type\":\"SearchAction\",\"target\":{\"@type\":\"EntryPoint\",\"urlTemplate\":\"https:\\\/\\\/newhostess.com\\\/?s={search_term_string}\"},\"query-input\":{\"@type\":\"PropertyValueSpecification\",\"valueRequired\":true,\"valueName\":\"search_term_string\"}}],\"inLanguage\":\"en-US\"},{\"@type\":\"Organization\",\"@id\":\"https:\\\/\\\/newhostess.com\\\/#organization\",\"name\":\"New Hostess\",\"url\":\"https:\\\/\\\/newhostess.com\\\/\",\"logo\":{\"@type\":\"ImageObject\",\"inLanguage\":\"en-US\",\"@id\":\"https:\\\/\\\/newhostess.com\\\/#\\\/schema\\\/logo\\\/image\\\/\",\"url\":\"https:\\\/\\\/newhostess.com\\\/wp-content\\\/uploads\\\/2023\\\/02\\\/cropped-NHS-logo-uj-s.png\",\"contentUrl\":\"https:\\\/\\\/newhostess.com\\\/wp-content\\\/uploads\\\/2023\\\/02\\\/cropped-NHS-logo-uj-s.png\",\"width\":1197,\"height\":493,\"caption\":\"New Hostess\"},\"image\":{\"@id\":\"https:\\\/\\\/newhostess.com\\\/#\\\/schema\\\/logo\\\/image\\\/\"}}]}<\/script>\n<!-- \/ Yoast SEO plugin. -->","yoast_head_json":{"title":"Kapcsolat - New Hostess","robots":{"index":"index","follow":"follow","max-snippet":"max-snippet:-1","max-image-preview":"max-image-preview:large","max-video-preview":"max-video-preview:-1"},"canonical":"https:\/\/newhostess.com\/en\/kapcsolat\/","og_locale":"en_US","og_type":"article","og_title":"Kapcsolat - New Hostess","og_description":"K\u00e9rj aj\u00e1nlatot! \u00a0 \u00a0Irod\u00e1nk 1119 BudapestEtele \u00fat 59-61.Hungary . \u00a0 \u00a0\u00a0H\u00edvj minket telefonon Szil\u00e1gyi D\u00f3ri+36 70 555 8000H\u00e9tf\u0151t\u0151l &#8211; P\u00e9ntekig, 9:00-16:00 . \u00a0 \u00a0 C\u00e9g inform\u00e1ci\u00f3k NHS Services Kft.1119 Budapest, Etele ut 59-61.Ad\u00f3sz\u00e1m: 26711573-2-43\u00a0 VAT: HU26711573C\u00e9gjegyz\u00e9ksz\u00e1m:\u00a0\u00a001-09-350207","og_url":"https:\/\/newhostess.com\/en\/kapcsolat\/","og_site_name":"New Hostess","article_modified_time":"2026-02-19T08:15:34+00:00","og_image":[{"width":1024,"height":683,"url":"https:\/\/newhostess.com\/wp-content\/uploads\/2023\/02\/contact.jpg","type":"image\/jpeg"}],"twitter_card":"summary_large_image","twitter_misc":{"Est. reading time":"1 minute"},"schema":{"@context":"https:\/\/schema.org","@graph":[{"@type":"WebPage","@id":"https:\/\/newhostess.com\/kapcsolat\/","url":"https:\/\/newhostess.com\/kapcsolat\/","name":"Kapcsolat - New Hostess","isPartOf":{"@id":"https:\/\/newhostess.com\/#website"},"primaryImageOfPage":{"@id":"https:\/\/newhostess.com\/kapcsolat\/#primaryimage"},"image":{"@id":"https:\/\/newhostess.com\/kapcsolat\/#primaryimage"},"thumbnailUrl":"https:\/\/newhostess.com\/wp-content\/uploads\/2023\/02\/contact.jpg","datePublished":"2023-02-09T13:22:20+00:00","dateModified":"2026-02-19T08:15:34+00:00","breadcrumb":{"@id":"https:\/\/newhostess.com\/kapcsolat\/#breadcrumb"},"inLanguage":"en-US","potentialAction":[{"@type":"ReadAction","target":["https:\/\/newhostess.com\/kapcsolat\/"]}]},{"@type":"ImageObject","inLanguage":"en-US","@id":"https:\/\/newhostess.com\/kapcsolat\/#primaryimage","url":"https:\/\/newhostess.com\/wp-content\/uploads\/2023\/02\/contact.jpg","contentUrl":"https:\/\/newhostess.com\/wp-content\/uploads\/2023\/02\/contact.jpg","width":1024,"height":683},{"@type":"BreadcrumbList","@id":"https:\/\/newhostess.com\/kapcsolat\/#breadcrumb","itemListElement":[{"@type":"ListItem","position":1,"name":"Home","item":"https:\/\/newhostess.com\/"},{"@type":"ListItem","position":2,"name":"Kapcsolat"}]},{"@type":"WebSite","@id":"https:\/\/newhostess.com\/#website","url":"https:\/\/newhostess.com\/","name":"New Hostess","description":"","publisher":{"@id":"https:\/\/newhostess.com\/#organization"},"potentialAction":[{"@type":"SearchAction","target":{"@type":"EntryPoint","urlTemplate":"https:\/\/newhostess.com\/?s={search_term_string}"},"query-input":{"@type":"PropertyValueSpecification","valueRequired":true,"valueName":"search_term_string"}}],"inLanguage":"en-US"},{"@type":"Organization","@id":"https:\/\/newhostess.com\/#organization","name":"New Hostess","url":"https:\/\/newhostess.com\/","logo":{"@type":"ImageObject","inLanguage":"en-US","@id":"https:\/\/newhostess.com\/#\/schema\/logo\/image\/","url":"https:\/\/newhostess.com\/wp-content\/uploads\/2023\/02\/cropped-NHS-logo-uj-s.png","contentUrl":"https:\/\/newhostess.com\/wp-content\/uploads\/2023\/02\/cropped-NHS-logo-uj-s.png","width":1197,"height":493,"caption":"New Hostess"},"image":{"@id":"https:\/\/newhostess.com\/#\/schema\/logo\/image\/"}}]}},"_links":{"self":[{"href":"https:\/\/newhostess.com\/en\/wp-json\/wp\/v2\/pages\/13","targetHints":{"allow":["GET"]}}],"collection":[{"href":"https:\/\/newhostess.com\/en\/wp-json\/wp\/v2\/pages"}],"about":[{"href":"https:\/\/newhostess.com\/en\/wp-json\/wp\/v2\/types\/page"}],"author":[{"embeddable":true,"href":"https:\/\/newhostess.com\/en\/wp-json\/wp\/v2\/users\/1"}],"replies":[{"embeddable":true,"href":"https:\/\/newhostess.com\/en\/wp-json\/wp\/v2\/comments?post=13"}],"version-history":[{"count":96,"href":"https:\/\/newhostess.com\/en\/wp-json\/wp\/v2\/pages\/13\/revisions"}],"predecessor-version":[{"id":1041,"href":"https:\/\/newhostess.com\/en\/wp-json\/wp\/v2\/pages\/13\/revisions\/1041"}],"wp:featuredmedia":[{"embeddable":true,"href":"https:\/\/newhostess.com\/en\/wp-json\/wp\/v2\/media\/5"}],"wp:attachment":[{"href":"https:\/\/newhostess.com\/en\/wp-json\/wp\/v2\/media?parent=13"}],"curies":[{"name":"wp","href":"https:\/\/api.w.org\/{rel}","templated":true}]}}