{"id":223,"date":"2023-02-09T21:11:31","date_gmt":"2023-02-09T21:11:31","guid":{"rendered":"https:\/\/newhostess.com\/?page_id=223"},"modified":"2023-02-09T21:11:31","modified_gmt":"2023-02-09T21:11:31","slug":"elerhetoseg-copy","status":"publish","type":"page","link":"https:\/\/newhostess.com\/en\/elerhetoseg-copy\/","title":{"rendered":"El\u00e9rhet\u0151s\u00e9g &#8211; Copy"},"content":{"rendered":"\r\n<div class=\"wp-block-columns alignfull is-layout-flex wp-container-core-columns-is-layout-28f84493 wp-block-columns-is-layout-flex\">\r\n<div class=\"wp-block-column is-layout-flow wp-block-column-is-layout-flow\">\r\n<div style=\"width: 100%;\"><iframe width=\"100%\" height=\"450\" style=\"border: 0;\" src=\"https:\/\/www.google.com\/maps\/embed?pb=!1m18!1m12!1m3!1d2697.310759025415!2d19.0294775!3d47.4643734!2m3!1f0!2f0!3f0!3m2!1i1024!2i768!4f13.1!3m3!1m2!1s0x4741ddbfa3d25b7f%3A0x55c388dca0b76303!2sBudapest%2C%20Etele%20%C3%BAt%2059-61%2C%201119!5e0!3m2!1shu!2shu!4v1675951961659!5m2!1shu!2shu\" allowfullscreen=\"allowfullscreen\" loading=\"lazy\" referrerpolicy=\"no-referrer-when-downgrade\"><span data-mce-type=\"bookmark\" style=\"display: inline-block; width: 0px; overflow: hidden; line-height: 0;\" class=\"mce_SELRES_start\">\ufeff<\/span><\/iframe><\/div>\r\n\r\n\r\n\r\n<p>&nbsp;<\/p>\r\n<\/div>\r\n<\/div>\r\n\r\n\r\n\r\n<div class=\"wp-block-columns container is-layout-flex wp-container-core-columns-is-layout-28f84493 wp-block-columns-is-layout-flex\">\r\n<div class=\"wp-block-column is-vertically-aligned-center is-layout-flow wp-block-column-is-layout-flow\"><\/div>\r\n<div class=\"wp-block-column is-vertically-aligned-center\">\r\n<div class=\"wp-block-columns\">\r\n<div class=\"wp-block-column\"><span><div class=\"wpforms-container wpforms-container-full\" id=\"wpforms-62\"><form id=\"wpforms-form-62\" class=\"wpforms-validate wpforms-form\" data-formid=\"62\" method=\"post\" enctype=\"multipart\/form-data\" action=\"\/en\/wp-json\/wp\/v2\/pages\/223\" data-token=\"4296ab4890960a7b22baa288338a14f3\" data-token-time=\"1777672355\"><noscript class=\"wpforms-error-noscript\">Please enable JavaScript in your browser to complete this form.<\/noscript><div class=\"wpforms-field-container\"><div id=\"wpforms-62-field_0-container\" class=\"wpforms-field wpforms-field-name wpforms-one-half wpforms-first\" data-field-id=\"0\"><label class=\"wpforms-field-label wpforms-label-hide\" for=\"wpforms-62-field_0\">N\u00e9v <span class=\"wpforms-required-label\">*<\/span><\/label><input type=\"text\" id=\"wpforms-62-field_0\" class=\"wpforms-field-large wpforms-field-required\" name=\"wpforms[fields][0]\" placeholder=\"N\u00e9v:\" required><\/div><div id=\"wpforms-62-field_3-container\" class=\"wpforms-field wpforms-field-email wpforms-one-half\" data-field-id=\"3\"><label class=\"wpforms-field-label wpforms-label-hide\" for=\"wpforms-62-field_3\">Email <span class=\"wpforms-required-label\">*<\/span><\/label><input type=\"email\" id=\"wpforms-62-field_3\" class=\"wpforms-field-large wpforms-field-required\" name=\"wpforms[fields][3]\" placeholder=\"Email c\u00edm:\" spellcheck=\"false\" required><\/div><div id=\"wpforms-62-field_4-container\" class=\"wpforms-field wpforms-field-text\" data-field-id=\"4\"><label class=\"wpforms-field-label wpforms-label-hide\" for=\"wpforms-62-field_4\">Telefonsz\u00e1m <span class=\"wpforms-required-label\">*<\/span><\/label><input type=\"text\" id=\"wpforms-62-field_4\" class=\"wpforms-field-medium wpforms-field-required\" name=\"wpforms[fields][4]\" placeholder=\"Telefonsz\u00e1m:\" required><\/div><div id=\"wpforms-62-field_2-container\" class=\"wpforms-field wpforms-field-textarea\" data-field-id=\"2\"><label class=\"wpforms-field-label wpforms-label-hide\" for=\"wpforms-62-field_2\">\u00dczenet: <span class=\"wpforms-required-label\">*<\/span><\/label><textarea id=\"wpforms-62-field_2\" class=\"wpforms-field-medium wpforms-field-required\" name=\"wpforms[fields][2]\" placeholder=\"Feladat:\" required><\/textarea><\/div><\/div><!-- .wpforms-field-container --><div class=\"wpforms-recaptcha-container wpforms-is-recaptcha wpforms-is-recaptcha-type-invisible\" ><div class=\"g-recaptcha\" data-sitekey=\"6Lc5WnAkAAAAACwFT1Fgc5vl8_ECgKpXuRDyeB89\" data-size=\"invisible\"><\/div><\/div><div class=\"wpforms-submit-container\" ><input type=\"hidden\" name=\"wpforms[id]\" value=\"62\"><input type=\"hidden\" name=\"page_title\" value=\"\"><input type=\"hidden\" name=\"page_url\" value=\"https:\/\/newhostess.com\/en\/wp-json\/wp\/v2\/pages\/223\"><input type=\"hidden\" name=\"url_referer\" value=\"\"><button type=\"submit\" name=\"wpforms[submit]\" id=\"wpforms-submit-62\" class=\"wpforms-submit\" data-alt-text=\"K\u00fcld\u00e9s...\" data-submit-text=\"Elk\u00fcld\u00f6m\" aria-live=\"assertive\" value=\"wpforms-submit\">Elk\u00fcld\u00f6m<\/button><\/div><\/form><\/div>  <!-- .wpforms-container --><\/span><\/div>\r\n<div><\/div>\r\n\r\n\r\n\r\n<div class=\"wp-block-column is-layout-flow wp-block-column-is-layout-flow\" style=\"flex-basis: 50%;\">\r\n<h4 class=\"has-text-align-left hestia-title has-text-color wp-block-heading\" style=\"color: #3c4858; font-size: 18px;\"><img decoding=\"async\" class=\"wp-image-86\" style=\"width: 25px;\" src=\"https:\/\/newhostess.com\/wp-content\/themes\/hestia-pro\/assets\/img\/contact1.png\" alt=\"Map icon\" \/> <strong>Irod\u00e1nk<\/strong><\/h4>\r\n\r\n\r\n\r\n<p class=\"has-text-align-left has-text-color\" style=\"color: #999999; font-size: 14px;\">1119 Budapest<br \/>Etele \u00fat 59-61.<br \/>Hungary<\/p>\r\n\r\n\r\n\r\n<div style=\"height: 40px;\" aria-hidden=\"true\" class=\"wp-block-spacer\"><\/div>\r\n\r\n\r\n\r\n<h4 class=\"has-text-align-left hestia-title has-text-color wp-block-heading\" style=\"color: #3c4858; font-size: 18px;\"><img decoding=\"async\" class=\"wp-image-98\" style=\"width: 25px;\" src=\"https:\/\/newhostess.com\/wp-content\/themes\/hestia-pro\/assets\/img\/contact2.png\" alt=\"\" \/> <strong><strong>Hivj minket telefonon<\/strong><\/strong><\/h4>\r\n\r\n\r\n\r\n<p class=\"has-text-align-left has-text-color\" style=\"color: #999999; font-size: 14px;\">Tichy Barbi<br \/>+36 70 600 4853<br \/>H\u00e9tf\u0151t\u0151l &#8211; P\u00e9ntekig, 9:00-16:00<\/p>\r\n\r\n\r\n\r\n<div style=\"height: 40px;\" aria-hidden=\"true\" class=\"wp-block-spacer\"><\/div>\r\n\r\n\r\n\r\n<h4 class=\"has-text-align-left hestia-title has-text-color wp-block-heading\" style=\"color: #3c4858; font-size: 18px;\"><img decoding=\"async\" class=\"wp-image-105\" style=\"width: 25px;\" src=\"https:\/\/newhostess.com\/wp-content\/themes\/hestia-pro\/assets\/img\/contact3.png\" alt=\"\" \/><strong> <strong>C\u00e9g inform\u00e1ci\u00f3k<\/strong><\/strong><\/h4>\r\n\r\n\r\n\r\n<p class=\"has-text-align-left has-text-color\" style=\"color: #999999; font-size: 14px;\">NHS Services Kft<br \/>1119 Budapest, Etele ut 59-61.<br \/>Ad\u00f3sz\u00e1m: 26711573-2-43\u00a0 VAT: HU26711573<br \/>C\u00e9gjegyz\u00e9k sz\u00e1m:\u00a0\u00a001-09-350207<\/p>\r\n<\/div>\r\n\r\n\r\n\r\n<div class=\"wp-block-column is-layout-flow wp-block-column-is-layout-flow\"><\/div>\r\n<\/div>\r\n<\/div>\r\n<\/div>\r\n<!-- \/wp:post-content -->\r\n\r\n<!-- wp:paragraph -->\r\n<p>&nbsp;<\/p>\r\n<!-- \/wp:paragraph -->","protected":false},"excerpt":{"rendered":"<p> &nbsp; Irod\u00e1nk 1119 BudapestEtele \u00fat 59-61.Hungary Hivj minket telefonon Tichy Barbi+36 70 600 4853H\u00e9tf\u0151t\u0151l &#8211; P\u00e9ntekig, 9:00-16:00 C\u00e9g inform\u00e1ci\u00f3k NHS Services Kft1119 Budapest, Etele ut 59-61.Ad\u00f3sz\u00e1m: 26711573-2-43\u00a0 VAT: HU26711573C\u00e9gjegyz\u00e9k sz\u00e1m:\u00a0\u00a001-09-350207 &nbsp;<\/p>","protected":false},"author":1,"featured_media":5,"parent":0,"menu_order":0,"comment_status":"closed","ping_status":"closed","template":"page-templates\/template-pagebuilder-full-width.php","meta":{"_monsterinsights_skip_tracking":false,"_monsterinsights_sitenote_active":false,"_monsterinsights_sitenote_note":"","_monsterinsights_sitenote_category":0,"_themeisle_gutenberg_block_has_review":false,"footnotes":""},"class_list":["post-223","page","type-page","status-publish","has-post-thumbnail","hentry"],"yoast_head":"<!-- This site is optimized with the Yoast SEO plugin v27.5 - https:\/\/yoast.com\/product\/yoast-seo-wordpress\/ -->\n<title>El\u00e9rhet\u0151s\u00e9g - Copy - New Hostess<\/title>\n<meta name=\"robots\" content=\"index, follow, max-snippet:-1, max-image-preview:large, max-video-preview:-1\" \/>\n<link rel=\"canonical\" href=\"https:\/\/newhostess.com\/en\/elerhetoseg-copy\/\" \/>\n<meta property=\"og:locale\" content=\"en_US\" \/>\n<meta property=\"og:type\" content=\"article\" \/>\n<meta property=\"og:title\" content=\"El\u00e9rhet\u0151s\u00e9g - Copy - New Hostess\" \/>\n<meta property=\"og:description\" content=\"\ufeff &nbsp; Irod\u00e1nk 1119 BudapestEtele \u00fat 59-61.Hungary Hivj minket telefonon Tichy Barbi+36 70 600 4853H\u00e9tf\u0151t\u0151l &#8211; P\u00e9ntekig, 9:00-16:00 C\u00e9g inform\u00e1ci\u00f3k NHS Services Kft1119 Budapest, Etele ut 59-61.Ad\u00f3sz\u00e1m: 26711573-2-43\u00a0 VAT: HU26711573C\u00e9gjegyz\u00e9k sz\u00e1m:\u00a0\u00a001-09-350207 &nbsp;\" \/>\n<meta property=\"og:url\" content=\"https:\/\/newhostess.com\/en\/elerhetoseg-copy\/\" \/>\n<meta property=\"og:site_name\" content=\"New Hostess\" \/>\n<meta property=\"og:image\" content=\"https:\/\/newhostess.com\/wp-content\/uploads\/2023\/02\/contact.jpg\" \/>\n\t<meta property=\"og:image:width\" content=\"1024\" \/>\n\t<meta property=\"og:image:height\" content=\"683\" \/>\n\t<meta property=\"og:image:type\" content=\"image\/jpeg\" \/>\n<meta name=\"twitter:card\" content=\"summary_large_image\" \/>\n<meta name=\"twitter:label1\" content=\"Est. reading time\" \/>\n\t<meta name=\"twitter:data1\" content=\"1 minute\" \/>\n<script type=\"application\/ld+json\" class=\"yoast-schema-graph\">{\"@context\":\"https:\\\/\\\/schema.org\",\"@graph\":[{\"@type\":\"WebPage\",\"@id\":\"https:\\\/\\\/newhostess.com\\\/elerhetoseg-copy\\\/\",\"url\":\"https:\\\/\\\/newhostess.com\\\/elerhetoseg-copy\\\/\",\"name\":\"El\u00e9rhet\u0151s\u00e9g - Copy - New Hostess\",\"isPartOf\":{\"@id\":\"https:\\\/\\\/newhostess.com\\\/#website\"},\"primaryImageOfPage\":{\"@id\":\"https:\\\/\\\/newhostess.com\\\/elerhetoseg-copy\\\/#primaryimage\"},\"image\":{\"@id\":\"https:\\\/\\\/newhostess.com\\\/elerhetoseg-copy\\\/#primaryimage\"},\"thumbnailUrl\":\"https:\\\/\\\/newhostess.com\\\/wp-content\\\/uploads\\\/2023\\\/02\\\/contact.jpg\",\"datePublished\":\"2023-02-09T21:11:31+00:00\",\"breadcrumb\":{\"@id\":\"https:\\\/\\\/newhostess.com\\\/elerhetoseg-copy\\\/#breadcrumb\"},\"inLanguage\":\"en-US\",\"potentialAction\":[{\"@type\":\"ReadAction\",\"target\":[\"https:\\\/\\\/newhostess.com\\\/elerhetoseg-copy\\\/\"]}]},{\"@type\":\"ImageObject\",\"inLanguage\":\"en-US\",\"@id\":\"https:\\\/\\\/newhostess.com\\\/elerhetoseg-copy\\\/#primaryimage\",\"url\":\"https:\\\/\\\/newhostess.com\\\/wp-content\\\/uploads\\\/2023\\\/02\\\/contact.jpg\",\"contentUrl\":\"https:\\\/\\\/newhostess.com\\\/wp-content\\\/uploads\\\/2023\\\/02\\\/contact.jpg\",\"width\":1024,\"height\":683},{\"@type\":\"BreadcrumbList\",\"@id\":\"https:\\\/\\\/newhostess.com\\\/elerhetoseg-copy\\\/#breadcrumb\",\"itemListElement\":[{\"@type\":\"ListItem\",\"position\":1,\"name\":\"Home\",\"item\":\"https:\\\/\\\/newhostess.com\\\/\"},{\"@type\":\"ListItem\",\"position\":2,\"name\":\"El\u00e9rhet\u0151s\u00e9g &#8211; Copy\"}]},{\"@type\":\"WebSite\",\"@id\":\"https:\\\/\\\/newhostess.com\\\/#website\",\"url\":\"https:\\\/\\\/newhostess.com\\\/\",\"name\":\"New Hostess\",\"description\":\"\",\"publisher\":{\"@id\":\"https:\\\/\\\/newhostess.com\\\/#organization\"},\"potentialAction\":[{\"@type\":\"SearchAction\",\"target\":{\"@type\":\"EntryPoint\",\"urlTemplate\":\"https:\\\/\\\/newhostess.com\\\/?s={search_term_string}\"},\"query-input\":{\"@type\":\"PropertyValueSpecification\",\"valueRequired\":true,\"valueName\":\"search_term_string\"}}],\"inLanguage\":\"en-US\"},{\"@type\":\"Organization\",\"@id\":\"https:\\\/\\\/newhostess.com\\\/#organization\",\"name\":\"New Hostess\",\"url\":\"https:\\\/\\\/newhostess.com\\\/\",\"logo\":{\"@type\":\"ImageObject\",\"inLanguage\":\"en-US\",\"@id\":\"https:\\\/\\\/newhostess.com\\\/#\\\/schema\\\/logo\\\/image\\\/\",\"url\":\"https:\\\/\\\/newhostess.com\\\/wp-content\\\/uploads\\\/2023\\\/02\\\/cropped-NHS-logo-uj-s.png\",\"contentUrl\":\"https:\\\/\\\/newhostess.com\\\/wp-content\\\/uploads\\\/2023\\\/02\\\/cropped-NHS-logo-uj-s.png\",\"width\":1197,\"height\":493,\"caption\":\"New Hostess\"},\"image\":{\"@id\":\"https:\\\/\\\/newhostess.com\\\/#\\\/schema\\\/logo\\\/image\\\/\"}}]}<\/script>\n<!-- \/ Yoast SEO plugin. -->","yoast_head_json":{"title":"El\u00e9rhet\u0151s\u00e9g - Copy - New Hostess","robots":{"index":"index","follow":"follow","max-snippet":"max-snippet:-1","max-image-preview":"max-image-preview:large","max-video-preview":"max-video-preview:-1"},"canonical":"https:\/\/newhostess.com\/en\/elerhetoseg-copy\/","og_locale":"en_US","og_type":"article","og_title":"El\u00e9rhet\u0151s\u00e9g - Copy - New Hostess","og_description":"\ufeff &nbsp; Irod\u00e1nk 1119 BudapestEtele \u00fat 59-61.Hungary Hivj minket telefonon Tichy Barbi+36 70 600 4853H\u00e9tf\u0151t\u0151l &#8211; P\u00e9ntekig, 9:00-16:00 C\u00e9g inform\u00e1ci\u00f3k NHS Services Kft1119 Budapest, Etele ut 59-61.Ad\u00f3sz\u00e1m: 26711573-2-43\u00a0 VAT: HU26711573C\u00e9gjegyz\u00e9k sz\u00e1m:\u00a0\u00a001-09-350207 &nbsp;","og_url":"https:\/\/newhostess.com\/en\/elerhetoseg-copy\/","og_site_name":"New Hostess","og_image":[{"width":1024,"height":683,"url":"https:\/\/newhostess.com\/wp-content\/uploads\/2023\/02\/contact.jpg","type":"image\/jpeg"}],"twitter_card":"summary_large_image","twitter_misc":{"Est. reading time":"1 minute"},"schema":{"@context":"https:\/\/schema.org","@graph":[{"@type":"WebPage","@id":"https:\/\/newhostess.com\/elerhetoseg-copy\/","url":"https:\/\/newhostess.com\/elerhetoseg-copy\/","name":"El\u00e9rhet\u0151s\u00e9g - Copy - New Hostess","isPartOf":{"@id":"https:\/\/newhostess.com\/#website"},"primaryImageOfPage":{"@id":"https:\/\/newhostess.com\/elerhetoseg-copy\/#primaryimage"},"image":{"@id":"https:\/\/newhostess.com\/elerhetoseg-copy\/#primaryimage"},"thumbnailUrl":"https:\/\/newhostess.com\/wp-content\/uploads\/2023\/02\/contact.jpg","datePublished":"2023-02-09T21:11:31+00:00","breadcrumb":{"@id":"https:\/\/newhostess.com\/elerhetoseg-copy\/#breadcrumb"},"inLanguage":"en-US","potentialAction":[{"@type":"ReadAction","target":["https:\/\/newhostess.com\/elerhetoseg-copy\/"]}]},{"@type":"ImageObject","inLanguage":"en-US","@id":"https:\/\/newhostess.com\/elerhetoseg-copy\/#primaryimage","url":"https:\/\/newhostess.com\/wp-content\/uploads\/2023\/02\/contact.jpg","contentUrl":"https:\/\/newhostess.com\/wp-content\/uploads\/2023\/02\/contact.jpg","width":1024,"height":683},{"@type":"BreadcrumbList","@id":"https:\/\/newhostess.com\/elerhetoseg-copy\/#breadcrumb","itemListElement":[{"@type":"ListItem","position":1,"name":"Home","item":"https:\/\/newhostess.com\/"},{"@type":"ListItem","position":2,"name":"El\u00e9rhet\u0151s\u00e9g &#8211; Copy"}]},{"@type":"WebSite","@id":"https:\/\/newhostess.com\/#website","url":"https:\/\/newhostess.com\/","name":"New Hostess","description":"","publisher":{"@id":"https:\/\/newhostess.com\/#organization"},"potentialAction":[{"@type":"SearchAction","target":{"@type":"EntryPoint","urlTemplate":"https:\/\/newhostess.com\/?s={search_term_string}"},"query-input":{"@type":"PropertyValueSpecification","valueRequired":true,"valueName":"search_term_string"}}],"inLanguage":"en-US"},{"@type":"Organization","@id":"https:\/\/newhostess.com\/#organization","name":"New Hostess","url":"https:\/\/newhostess.com\/","logo":{"@type":"ImageObject","inLanguage":"en-US","@id":"https:\/\/newhostess.com\/#\/schema\/logo\/image\/","url":"https:\/\/newhostess.com\/wp-content\/uploads\/2023\/02\/cropped-NHS-logo-uj-s.png","contentUrl":"https:\/\/newhostess.com\/wp-content\/uploads\/2023\/02\/cropped-NHS-logo-uj-s.png","width":1197,"height":493,"caption":"New Hostess"},"image":{"@id":"https:\/\/newhostess.com\/#\/schema\/logo\/image\/"}}]}},"_links":{"self":[{"href":"https:\/\/newhostess.com\/en\/wp-json\/wp\/v2\/pages\/223","targetHints":{"allow":["GET"]}}],"collection":[{"href":"https:\/\/newhostess.com\/en\/wp-json\/wp\/v2\/pages"}],"about":[{"href":"https:\/\/newhostess.com\/en\/wp-json\/wp\/v2\/types\/page"}],"author":[{"embeddable":true,"href":"https:\/\/newhostess.com\/en\/wp-json\/wp\/v2\/users\/1"}],"replies":[{"embeddable":true,"href":"https:\/\/newhostess.com\/en\/wp-json\/wp\/v2\/comments?post=223"}],"version-history":[{"count":1,"href":"https:\/\/newhostess.com\/en\/wp-json\/wp\/v2\/pages\/223\/revisions"}],"predecessor-version":[{"id":224,"href":"https:\/\/newhostess.com\/en\/wp-json\/wp\/v2\/pages\/223\/revisions\/224"}],"wp:featuredmedia":[{"embeddable":true,"href":"https:\/\/newhostess.com\/en\/wp-json\/wp\/v2\/media\/5"}],"wp:attachment":[{"href":"https:\/\/newhostess.com\/en\/wp-json\/wp\/v2\/media?parent=223"}],"curies":[{"name":"wp","href":"https:\/\/api.w.org\/{rel}","templated":true}]}}