{"id":3,"date":"2023-02-09T12:39:26","date_gmt":"2023-02-09T12:39:26","guid":{"rendered":"https:\/\/newhostess.com\/?page_id=3"},"modified":"2025-08-21T17:29:15","modified_gmt":"2025-08-21T17:29:15","slug":"adatvedelmi-szabalyzat","status":"publish","type":"page","link":"https:\/\/newhostess.com\/en\/adatvedelmi-szabalyzat\/","title":{"rendered":"Adatv\u00e9delmi t\u00e1j\u00e9koztat\u00f3"},"content":{"rendered":"<h1 class=\"wp-block-heading\"><span>Adatv\u00e9delmi T\u00e1j\u00e9koztat\u00f3<\/span><\/h1>\r\n<p style=\"font-weight: 400;\"><span><br \/>Az adatkezel\u0151 neve: NHS Services Kft.<br \/>Sz\u00e9khely: 1119 Budapest, Etele \u00fat 59-61.<br \/>Ad\u00f3sz\u00e1m: 26711573-2-43<br \/>E-mail: info@nhs.hu<br \/>Telefon: +36 70 311 0674<br \/>Weboldal: www.newhostess.com<br \/><br \/><\/span><\/p>\r\n<h2><span>1. Bevezet\u00e9s<\/span><\/h2>\r\n<p style=\"font-weight: 400;\"><span><br \/>Jelen adatv\u00e9delmi t\u00e1j\u00e9koztat\u00f3 c\u00e9lja, hogy t\u00e1j\u00e9koztat\u00e1st ny\u00fajtson arr\u00f3l, hogyan kezeli az NHS Services Kft. (a tov\u00e1bbiakban: T\u00e1rsas\u00e1g) a www.newhostess.com weboldalon kereszt\u00fcl gy\u0171jt\u00f6tt szem\u00e9lyes adatokat, a vonatkoz\u00f3 adatv\u00e9delmi el\u0151\u00edr\u00e1soknak, k\u00fcl\u00f6n\u00f6sen az Eur\u00f3pai Parlament \u00e9s a Tan\u00e1cs (EU) 2016\/679 rendelet\u00e9nek (GDPR) megfelel\u0151en.<br \/><br \/><\/span><\/p>\r\n<h2><span>2. A kezelt adatok k\u00f6re regisztr\u00e1ci\u00f3 sor\u00e1n<\/span><\/h2>\r\n<p style=\"font-weight: 400;\"><span><br \/>A weboldalon t\u00f6rt\u00e9n\u0151 regisztr\u00e1ci\u00f3 sor\u00e1n a k\u00f6vetkez\u0151 adatokat k\u00e9rj\u00fck be:<br \/>&#8211; n\u00e9v<br \/>&#8211; e-mail c\u00edm<br \/>&#8211; telefonsz\u00e1m<br \/>&#8211; lakc\u00edm<br \/>&#8211; ad\u00f3sz\u00e1m<br \/>&#8211; taj sz\u00e1m<br \/>&#8211; \u00e9desanyja neve<br \/>&#8211; banksz\u00e1mlasz\u00e1m<br \/>&#8211; magass\u00e1g<br \/>&#8211; nyelvtud\u00e1s<br \/>&#8211; jogos\u00edtv\u00e1ny megl\u00e9te<br \/>&#8211; aut\u00f3 megl\u00e9te<br \/>&#8211; melyik v\u00e1rosba v\u00e1llal munk\u00e1t<br \/><br \/><\/span><\/p>\r\n<h2><span>3. Az adatkezel\u00e9s c\u00e9lja \u00e9s jogalapja<\/span><\/h2>\r\n<p style=\"font-weight: 400;\"><span><br \/>Az adatkezel\u00e9s c\u00e9lja: munkav\u00e1llal\u00f3i regisztr\u00e1ci\u00f3, adatbek\u00e9r\u00e9s a munka\u00fcgyi bejelent\u00e9shez, \u00fcgyfelek r\u00e9sz\u00e9re t\u00f6rt\u00e9n\u0151 kiv\u00e1laszt\u00e1s c\u00e9lj\u00e1b\u00f3l t\u00f6rt\u00e9n\u0151 adattov\u00e1bb\u00edt\u00e1s.<br \/>Az adatkezel\u00e9s jogalapja: GDPR 6. cikk (1) b) pontja \u2013 a szerz\u0151d\u00e9s teljes\u00edt\u00e9s\u00e9hez sz\u00fcks\u00e9ges adatkezel\u00e9s, illetve GDPR 6. cikk (1) a) pontja \u2013 az \u00e9rintett hozz\u00e1j\u00e1rul\u00e1sa.<br \/><br \/><\/span><\/p>\r\n<h2><span>4. Adattov\u00e1bb\u00edt\u00e1s<\/span><\/h2>\r\n<p style=\"font-weight: 400;\"><span><br \/>A k\u00f6vetkez\u0151 adatokat tov\u00e1bb\u00edtjuk partnereink fel\u00e9 munkav\u00e1llal\u00f3 kiv\u00e1laszt\u00e1s c\u00e9lj\u00e1b\u00f3l:<br \/>&#8211; keresztn\u00e9v<br \/>&#8211; magass\u00e1g<br \/>&#8211; nyelvtud\u00e1s<br \/>&#8211; jogos\u00edtv\u00e1ny megl\u00e9te<br \/>&#8211; aut\u00f3 megl\u00e9te<br \/>&#8211; melyik v\u00e1rosba v\u00e1llal munk\u00e1t<br \/>&#8211; f\u00e9nyk\u00e9p<\/span><\/p>\r\n<p style=\"font-weight: 400;\"><span>A k\u00f6vetkez\u0151 adatokat tov\u00e1bb\u00edtjuk k\u00f6nyvel\u0151nk fel\u00e9 munka\u00fcgyi bejelent\u00e9sek c\u00e9lj\u00e1b\u00f3l:<\/span><\/p>\r\n<p style=\"font-weight: 400;\"><span>&#8211; n\u00e9v<br \/>&#8211; lakc\u00edm<br \/>&#8211; ad\u00f3sz\u00e1m<br \/>&#8211; taj sz\u00e1m<br \/>&#8211; \u00e9desanyja neve<br \/><br \/><br \/><\/span><\/p>\r\n<h2><span>5. Kamer\u00e1s megfigyel\u00e9s<\/span><\/h2>\r\n<p style=\"font-weight: 400;\"><span><br \/>A T\u00e1rsas\u00e1g irod\u00e1j\u00e1ban kamerarendszert alkalmaz, amely a vagyonv\u00e9delem \u00e9s a munkabiztons\u00e1g c\u00e9lj\u00e1t szolg\u00e1lja. A kamerarendszer m\u0171k\u00f6dtet\u00e9s\u00e9r\u0151l k\u00fcl\u00f6n bels\u0151 szab\u00e1lyzat rendelkezik.<br \/><br \/><\/span><\/p>\r\n<h2><span>6. \u00c1raj\u00e1nlatk\u00e9r\u00e9s sor\u00e1n megadott adatok kezel\u00e9se<\/span><\/h2>\r\n<p style=\"font-weight: 400;\"><span><br \/>A www.newhostess.com oldalon kereszt\u00fcl \u00e1raj\u00e1nlatk\u00e9r\u00e9s sor\u00e1n bek\u00e9rt adatok:<br \/>&#8211; n\u00e9v<br \/>&#8211; e-mail c\u00edm<br \/>&#8211; telefonsz\u00e1m<br \/><br \/>C\u00e9l: kapcsolatfelv\u00e9tel \u00e9s aj\u00e1nlat k\u00fcld\u00e9se.\u00a0 <br \/>Jogalap: GDPR 6. cikk (1) b) pont \u2013 szerz\u0151d\u00e9sk\u00f6t\u00e9st megel\u0151z\u0151 l\u00e9p\u00e9sek.<br \/><br \/><\/span><\/p>\r\n<h2><span>7. Cookie-k (s\u00fctik)<\/span><\/h2>\r\n<p style=\"font-weight: 400;\"><span><br \/>A weboldal cookie-kat (s\u00fctiket) haszn\u00e1l a felhaszn\u00e1l\u00f3i \u00e9lm\u00e9ny jav\u00edt\u00e1sa, statisztikai elemz\u00e9sek \u00e9s marketing c\u00e9lok \u00e9rdek\u00e9ben. A cookie-k haszn\u00e1lat\u00e1r\u00f3l a weboldal els\u0151 l\u00e1togat\u00e1sakor t\u00e1j\u00e9koztatjuk a felhaszn\u00e1l\u00f3t, aki azokat el is fogadhatja.<br \/><br \/><\/span><\/p>\r\n<h2><span>8. Az adatok meg\u0151rz\u00e9s\u00e9nek id\u0151tartama<\/span><\/h2>\r\n<p style=\"font-weight: 400;\"><span><br \/>Az adatokat a munkaviszony vagy a regisztr\u00e1ci\u00f3 megsz\u0171n\u00e9s\u00e9t\u0151l sz\u00e1m\u00edtott 5 \u00e9vig \u0151rizz\u00fck meg, kiv\u00e9ve, ha jogszab\u00e1ly m\u00e1sk\u00e9nt rendelkezik.<br \/><br \/><\/span><\/p>\r\n<h2><span>9. Az \u00e9rintettek jogai<\/span><\/h2>\r\n<p style=\"font-weight: 400;\"><span><br \/>Az \u00e9rintettek b\u00e1rmikor jogosultak az adatkezel\u00e9shez adott hozz\u00e1j\u00e1rul\u00e1s visszavon\u00e1s\u00e1ra, az adatok helyesb\u00edt\u00e9s\u00e9re, t\u00f6rl\u00e9s\u00e9re, kezel\u00e9s\u00e9nek korl\u00e1toz\u00e1s\u00e1ra, valamint az adathordozhat\u00f3s\u00e1ghoz val\u00f3 joguk gyakorl\u00e1s\u00e1ra.<br \/><br \/><\/span><\/p>\r\n<h2><span>10. Kapcsolatfelv\u00e9tel adatv\u00e9delmi \u00fcgyekben<\/span><\/h2>\r\n<p style=\"font-weight: 400;\"><span><br \/>Adatv\u00e9delmi k\u00e9rd\u00e9sekben, panasz eset\u00e9n k\u00e9rj\u00fck, \u00edrjon az info@nhs.hu e-mail c\u00edmre.<br \/><br \/><\/span><\/p>\r\n<p>&nbsp;<\/p>\r\n\r\n\r\n\r\n<p>&nbsp;<\/p>","protected":false},"excerpt":{"rendered":"<p>Adatv\u00e9delmi T\u00e1j\u00e9koztat\u00f3 Az adatkezel\u0151 neve: NHS Services Kft.Sz\u00e9khely: 1119 Budapest, Etele \u00fat 59-61.Ad\u00f3sz\u00e1m: 26711573-2-43E-mail: info@nhs.huTelefon: +36 70 311 0674Weboldal: www.newhostess.com 1. Bevezet\u00e9s Jelen adatv\u00e9delmi t\u00e1j\u00e9koztat\u00f3 c\u00e9lja, hogy t\u00e1j\u00e9koztat\u00e1st ny\u00fajtson arr\u00f3l, hogyan kezeli az NHS Services Kft. (a tov\u00e1bbiakban: T\u00e1rsas\u00e1g) a www.newhostess.com weboldalon kereszt\u00fcl gy\u0171jt\u00f6tt szem\u00e9lyes adatokat, a vonatkoz\u00f3 adatv\u00e9delmi el\u0151\u00edr\u00e1soknak, [&hellip;]<\/p>\n","protected":false},"author":1,"featured_media":0,"parent":0,"menu_order":0,"comment_status":"closed","ping_status":"open","template":"","meta":{"_monsterinsights_skip_tracking":false,"_monsterinsights_sitenote_active":false,"_monsterinsights_sitenote_note":"","_monsterinsights_sitenote_category":0,"_themeisle_gutenberg_block_has_review":false,"footnotes":""},"class_list":["post-3","page","type-page","status-publish","hentry"],"yoast_head":"<!-- This site is optimized with the Yoast SEO plugin v27.4 - https:\/\/yoast.com\/product\/yoast-seo-wordpress\/ -->\n<title>Adatv\u00e9delmi t\u00e1j\u00e9koztat\u00f3 - New Hostess<\/title>\n<meta name=\"robots\" content=\"index, follow, max-snippet:-1, max-image-preview:large, max-video-preview:-1\" \/>\n<link rel=\"canonical\" href=\"https:\/\/newhostess.com\/en\/adatvedelmi-szabalyzat\/\" \/>\n<meta property=\"og:locale\" content=\"en_US\" \/>\n<meta property=\"og:type\" content=\"article\" \/>\n<meta property=\"og:title\" content=\"Adatv\u00e9delmi t\u00e1j\u00e9koztat\u00f3 - New Hostess\" \/>\n<meta property=\"og:description\" content=\"Adatv\u00e9delmi T\u00e1j\u00e9koztat\u00f3 Az adatkezel\u0151 neve: NHS Services Kft.Sz\u00e9khely: 1119 Budapest, Etele \u00fat 59-61.Ad\u00f3sz\u00e1m: 26711573-2-43E-mail: info@nhs.huTelefon: +36 70 311 0674Weboldal: www.newhostess.com 1. Bevezet\u00e9s Jelen adatv\u00e9delmi t\u00e1j\u00e9koztat\u00f3 c\u00e9lja, hogy t\u00e1j\u00e9koztat\u00e1st ny\u00fajtson arr\u00f3l, hogyan kezeli az NHS Services Kft. (a tov\u00e1bbiakban: T\u00e1rsas\u00e1g) a www.newhostess.com weboldalon kereszt\u00fcl gy\u0171jt\u00f6tt szem\u00e9lyes adatokat, a vonatkoz\u00f3 adatv\u00e9delmi el\u0151\u00edr\u00e1soknak, [&hellip;]\" \/>\n<meta property=\"og:url\" content=\"https:\/\/newhostess.com\/en\/adatvedelmi-szabalyzat\/\" \/>\n<meta property=\"og:site_name\" content=\"New Hostess\" \/>\n<meta property=\"article:modified_time\" content=\"2025-08-21T17:29:15+00:00\" \/>\n<meta name=\"twitter:card\" content=\"summary_large_image\" \/>\n<meta name=\"twitter:label1\" content=\"Est. reading time\" \/>\n\t<meta name=\"twitter:data1\" content=\"2 minutes\" \/>\n<script type=\"application\/ld+json\" class=\"yoast-schema-graph\">{\"@context\":\"https:\\\/\\\/schema.org\",\"@graph\":[{\"@type\":\"WebPage\",\"@id\":\"https:\\\/\\\/newhostess.com\\\/adatvedelmi-szabalyzat\\\/\",\"url\":\"https:\\\/\\\/newhostess.com\\\/adatvedelmi-szabalyzat\\\/\",\"name\":\"Adatv\u00e9delmi t\u00e1j\u00e9koztat\u00f3 - New Hostess\",\"isPartOf\":{\"@id\":\"https:\\\/\\\/newhostess.com\\\/#website\"},\"datePublished\":\"2023-02-09T12:39:26+00:00\",\"dateModified\":\"2025-08-21T17:29:15+00:00\",\"breadcrumb\":{\"@id\":\"https:\\\/\\\/newhostess.com\\\/adatvedelmi-szabalyzat\\\/#breadcrumb\"},\"inLanguage\":\"en-US\",\"potentialAction\":[{\"@type\":\"ReadAction\",\"target\":[\"https:\\\/\\\/newhostess.com\\\/adatvedelmi-szabalyzat\\\/\"]}]},{\"@type\":\"BreadcrumbList\",\"@id\":\"https:\\\/\\\/newhostess.com\\\/adatvedelmi-szabalyzat\\\/#breadcrumb\",\"itemListElement\":[{\"@type\":\"ListItem\",\"position\":1,\"name\":\"Home\",\"item\":\"https:\\\/\\\/newhostess.com\\\/\"},{\"@type\":\"ListItem\",\"position\":2,\"name\":\"Adatv\u00e9delmi t\u00e1j\u00e9koztat\u00f3\"}]},{\"@type\":\"WebSite\",\"@id\":\"https:\\\/\\\/newhostess.com\\\/#website\",\"url\":\"https:\\\/\\\/newhostess.com\\\/\",\"name\":\"New Hostess\",\"description\":\"\",\"publisher\":{\"@id\":\"https:\\\/\\\/newhostess.com\\\/#organization\"},\"potentialAction\":[{\"@type\":\"SearchAction\",\"target\":{\"@type\":\"EntryPoint\",\"urlTemplate\":\"https:\\\/\\\/newhostess.com\\\/?s={search_term_string}\"},\"query-input\":{\"@type\":\"PropertyValueSpecification\",\"valueRequired\":true,\"valueName\":\"search_term_string\"}}],\"inLanguage\":\"en-US\"},{\"@type\":\"Organization\",\"@id\":\"https:\\\/\\\/newhostess.com\\\/#organization\",\"name\":\"New Hostess\",\"url\":\"https:\\\/\\\/newhostess.com\\\/\",\"logo\":{\"@type\":\"ImageObject\",\"inLanguage\":\"en-US\",\"@id\":\"https:\\\/\\\/newhostess.com\\\/#\\\/schema\\\/logo\\\/image\\\/\",\"url\":\"https:\\\/\\\/newhostess.com\\\/wp-content\\\/uploads\\\/2023\\\/02\\\/cropped-NHS-logo-uj-s.png\",\"contentUrl\":\"https:\\\/\\\/newhostess.com\\\/wp-content\\\/uploads\\\/2023\\\/02\\\/cropped-NHS-logo-uj-s.png\",\"width\":1197,\"height\":493,\"caption\":\"New Hostess\"},\"image\":{\"@id\":\"https:\\\/\\\/newhostess.com\\\/#\\\/schema\\\/logo\\\/image\\\/\"}}]}<\/script>\n<!-- \/ Yoast SEO plugin. -->","yoast_head_json":{"title":"Adatv\u00e9delmi t\u00e1j\u00e9koztat\u00f3 - New Hostess","robots":{"index":"index","follow":"follow","max-snippet":"max-snippet:-1","max-image-preview":"max-image-preview:large","max-video-preview":"max-video-preview:-1"},"canonical":"https:\/\/newhostess.com\/en\/adatvedelmi-szabalyzat\/","og_locale":"en_US","og_type":"article","og_title":"Adatv\u00e9delmi t\u00e1j\u00e9koztat\u00f3 - New Hostess","og_description":"Adatv\u00e9delmi T\u00e1j\u00e9koztat\u00f3 Az adatkezel\u0151 neve: NHS Services Kft.Sz\u00e9khely: 1119 Budapest, Etele \u00fat 59-61.Ad\u00f3sz\u00e1m: 26711573-2-43E-mail: info@nhs.huTelefon: +36 70 311 0674Weboldal: www.newhostess.com 1. Bevezet\u00e9s Jelen adatv\u00e9delmi t\u00e1j\u00e9koztat\u00f3 c\u00e9lja, hogy t\u00e1j\u00e9koztat\u00e1st ny\u00fajtson arr\u00f3l, hogyan kezeli az NHS Services Kft. (a tov\u00e1bbiakban: T\u00e1rsas\u00e1g) a www.newhostess.com weboldalon kereszt\u00fcl gy\u0171jt\u00f6tt szem\u00e9lyes adatokat, a vonatkoz\u00f3 adatv\u00e9delmi el\u0151\u00edr\u00e1soknak, [&hellip;]","og_url":"https:\/\/newhostess.com\/en\/adatvedelmi-szabalyzat\/","og_site_name":"New Hostess","article_modified_time":"2025-08-21T17:29:15+00:00","twitter_card":"summary_large_image","twitter_misc":{"Est. reading time":"2 minutes"},"schema":{"@context":"https:\/\/schema.org","@graph":[{"@type":"WebPage","@id":"https:\/\/newhostess.com\/adatvedelmi-szabalyzat\/","url":"https:\/\/newhostess.com\/adatvedelmi-szabalyzat\/","name":"Adatv\u00e9delmi t\u00e1j\u00e9koztat\u00f3 - New Hostess","isPartOf":{"@id":"https:\/\/newhostess.com\/#website"},"datePublished":"2023-02-09T12:39:26+00:00","dateModified":"2025-08-21T17:29:15+00:00","breadcrumb":{"@id":"https:\/\/newhostess.com\/adatvedelmi-szabalyzat\/#breadcrumb"},"inLanguage":"en-US","potentialAction":[{"@type":"ReadAction","target":["https:\/\/newhostess.com\/adatvedelmi-szabalyzat\/"]}]},{"@type":"BreadcrumbList","@id":"https:\/\/newhostess.com\/adatvedelmi-szabalyzat\/#breadcrumb","itemListElement":[{"@type":"ListItem","position":1,"name":"Home","item":"https:\/\/newhostess.com\/"},{"@type":"ListItem","position":2,"name":"Adatv\u00e9delmi t\u00e1j\u00e9koztat\u00f3"}]},{"@type":"WebSite","@id":"https:\/\/newhostess.com\/#website","url":"https:\/\/newhostess.com\/","name":"New Hostess","description":"","publisher":{"@id":"https:\/\/newhostess.com\/#organization"},"potentialAction":[{"@type":"SearchAction","target":{"@type":"EntryPoint","urlTemplate":"https:\/\/newhostess.com\/?s={search_term_string}"},"query-input":{"@type":"PropertyValueSpecification","valueRequired":true,"valueName":"search_term_string"}}],"inLanguage":"en-US"},{"@type":"Organization","@id":"https:\/\/newhostess.com\/#organization","name":"New Hostess","url":"https:\/\/newhostess.com\/","logo":{"@type":"ImageObject","inLanguage":"en-US","@id":"https:\/\/newhostess.com\/#\/schema\/logo\/image\/","url":"https:\/\/newhostess.com\/wp-content\/uploads\/2023\/02\/cropped-NHS-logo-uj-s.png","contentUrl":"https:\/\/newhostess.com\/wp-content\/uploads\/2023\/02\/cropped-NHS-logo-uj-s.png","width":1197,"height":493,"caption":"New Hostess"},"image":{"@id":"https:\/\/newhostess.com\/#\/schema\/logo\/image\/"}}]}},"_links":{"self":[{"href":"https:\/\/newhostess.com\/en\/wp-json\/wp\/v2\/pages\/3","targetHints":{"allow":["GET"]}}],"collection":[{"href":"https:\/\/newhostess.com\/en\/wp-json\/wp\/v2\/pages"}],"about":[{"href":"https:\/\/newhostess.com\/en\/wp-json\/wp\/v2\/types\/page"}],"author":[{"embeddable":true,"href":"https:\/\/newhostess.com\/en\/wp-json\/wp\/v2\/users\/1"}],"replies":[{"embeddable":true,"href":"https:\/\/newhostess.com\/en\/wp-json\/wp\/v2\/comments?post=3"}],"version-history":[{"count":9,"href":"https:\/\/newhostess.com\/en\/wp-json\/wp\/v2\/pages\/3\/revisions"}],"predecessor-version":[{"id":825,"href":"https:\/\/newhostess.com\/en\/wp-json\/wp\/v2\/pages\/3\/revisions\/825"}],"wp:attachment":[{"href":"https:\/\/newhostess.com\/en\/wp-json\/wp\/v2\/media?parent=3"}],"curies":[{"name":"wp","href":"https:\/\/api.w.org\/{rel}","templated":true}]}}