{"id":762,"date":"2024-11-29T11:18:30","date_gmt":"2024-11-29T11:18:30","guid":{"rendered":"https:\/\/newhostess.com\/?page_id=762"},"modified":"2024-11-29T11:35:22","modified_gmt":"2024-11-29T11:35:22","slug":"gyik_zara","status":"publish","type":"page","link":"https:\/\/newhostess.com\/en\/gyik_zara\/","title":{"rendered":"Gyakran ism\u00e9telt k\u00e9rd\u00e9sek Zara kiseg\u00edt\u0151 munkav\u00e9gz\u00e9s eset\u00e9n."},"content":{"rendered":"<p>Munkat\u00e1rsaink folyamatosan dolgoznak \u00e9s nincs idej\u00fck minden k\u00e9rd\u00e9sre azonnal v\u00e1laszolni. Gyakran feltett k\u00e9rd\u00e9sekre a v\u00e1laszt itt tal\u00e1lod.<\/p>\n<p class=\"p1\"><b>Hol lehet bemenni a ZARA \u00fczletekbe nyitvatart\u00e1si id\u0151n k\u00edv\u00fcl illetve kit kell keresni munk\u00e1k sor\u00e1n?<\/b><\/p>\n<p class=\"p1\">A pl\u00e1z\u00e1kban \u00e1ltal\u00e1ban az \u00e9p\u00fclet jobb vagy bal oldal\u00e1n a szem\u00e9lyzeti bej\u00e1ron tudsz bejutni. Keresni az \u00fczlet menedzsert vagy helyettes\u00e9t kell.<\/p>\n<p class=\"p1\"><b>Mikor lesz \u00f3ra b\u00e9remel\u00e9s?<\/b><\/p>\n<p class=\"p1\">\u00d3rab\u00e9reink \u00f6sszeg\u00e9r\u0151l a munka elej\u00e9n t\u00e1j\u00e9koztattuk a munkav\u00e1llal\u00f3kat. Mindig az aktu\u00e1lis munkaszervez\u00e9sn\u00e9l ezt k\u00f6zz\u00e9tessz\u00fck.<span class=\"Apple-converted-space\">\u00a0<\/span><\/p>\n<p class=\"p1\"><b>Mi a munkaruha?<\/b><\/p>\n<p class=\"p1\">Munkav\u00e9gz\u00e9sre s\u00f6t\u00e9t hossz\u00fa egysz\u00edn\u0171 nadr\u00e1got(nem szakadt, nem mint\u00e1s) \u00e9s egysz\u00edn\u0171 vil\u00e1gos, feh\u00e9r fels\u0151t, vagy fekete fels\u0151t k\u00e9r\u00fcnk viselni. L\u00e1bbeli egysz\u00edn\u0171 k\u00e9nyelmes sportcip\u0151t k\u00e9r\u00fcnk haszn\u00e1lni.<\/p>\n<p class=\"p1\"><b>Kapnak-e munkaruh\u00e1t ?<\/b><\/p>\n<p class=\"p1\">Munkaruh\u00e1t nem biztos\u00edtunk, az el\u0151bb le\u00edrtak szerint kell k\u00e9sz\u00fclni.<\/p>\n<p class=\"p1\"><b>Mi a kifizet\u00e9s m\u00f3dja?<\/b><\/p>\n<p class=\"p1\">Munkav\u00e9gz\u00e9s el\u0151tt a munkaszerz\u0151d\u00e9sben kiv\u00e1lasztott fizet\u00e9si m\u00f3d szerint kapod a fizet\u00e9sed. Lehet utal\u00e1ssal vagy k\u00e9szp\u00e9nzben.<\/p>\n<p class=\"p1\"><b>Mikor \u00e9s hogyan t\u00f6rt\u00e9nik a kifizet\u00e9s?<\/b><\/p>\n<p class=\"p1\">A kifizet\u00e9s ideje a munkav\u00e9gz\u00e9st k\u00f6vet\u0151 h\u00e9ten t\u00f6rt\u00e9nik, ennek id\u0151pontj\u00e1r\u00f3l \u00e9rtes\u00edteni fogunk.<\/p>\n<p class=\"p1\"><b>Hogyan tudom megv\u00e1ltoztatni a kor\u00e1bban kp-sra k\u00e9rt fizet\u00e9semet utal\u00e1sra?<\/b><\/p>\n<p class=\"p1\">Nincs lehet\u0151s\u00e9g v\u00e1ltoztat\u00e1sra adminisztr\u00e1ci\u00f3s okok miatt.<\/p>\n<p class=\"p1\"><b>Mikor van sz\u00fcnet es mennyi?<\/b><\/p>\n<p class=\"p1\"><span>A\u00a0<\/span><b>Munka<\/b><span>\u00a0t\u00f6rv\u00e9nyk\u00f6nyve a munkak\u00f6zi\u00a0<\/span><b>sz\u00fcnet<\/b><span>\u00a0kapcs\u00e1n csup\u00e1n annyit r\u00f6gz\u00edt, hogy a<strong> munk\u00e1ltat\u00f3 6 \u00f3r\u00e1t<\/strong> meghalad\u00f3\u00a0<\/span><b>munkav\u00e9gz\u00e9s<\/b><span>\u00a0eset\u00e9n 20 perc, 9 \u00f3r\u00e1t meghalad\u00f3\u00a0<\/span>munkav\u00e9gz\u00e9s<span>\u00a0eset\u00e9n pedig tov\u00e1bbi 25 perc munkak\u00f6zi sz\u00fcnetet, azaz mind\u00f6sszesen 45 perc pihen\u0151id\u0151t k\u00f6teles biztos\u00edtani a munkav\u00e1llal\u00f3nak.<\/span><\/p>\n<p class=\"p1\"><b>Le kell-e dolgozni a sz\u00fcnetet?<\/b><\/p>\n<p class=\"p1\">Igen minden esetben.<\/p>\n<p class=\"p1\"><b>Lesz-e betan\u00edt\u00e1s?<\/b><\/p>\n<p class=\"p1\">A munkafolyamatot az \u00fczletben a managgerek meg fogj\u00e1k mutatni.<\/p>\n<p class=\"p1\"><b>Mikor lesz \u00fajra munkalehet\u0151s\u00e9g?<\/b><\/p>\n<p class=\"p1\">Aktu\u00e1lis munkalehet\u0151s\u00e9geinkr\u0151l a csoportjainkban, illetve hirdet\u00e9seinkben t\u00e1j\u00e9koz\u00f3dhatsz.<\/p>\n<p class=\"p1\"><b>Van lehet\u0151s\u00e9g \u00e1lland\u00f3 munk\u00e1ra?<\/b><\/p>\n<p class=\"p1\">Munk\u00e1ink ink\u00e1bb alkalmi jelleg\u0171ek \u00e9s v\u00e1ltoz\u00f3 intenzit\u00e1ssal jelentkeznek, ez\u00e9rt nem \u00e1lland\u00f3ak. \u00c9rdekl\u0151dj, vagy figyeld csoportjainkat.<\/p>\n<p class=\"p1\"><b>Mi\u00e9rt k\u00fcl\u00f6nb\u00f6znek n\u00e9ha az \u00f3rab\u00e9rek?<\/b><\/p>\n<p class=\"p1\">\u00d3rab\u00e9reinkr\u0151l a munkaszervez\u00e9s elej\u00e9n t\u00e1j\u00e9koz\u00f3dhatsz. Vannak olyan helyzetek amikor az \u00fcres helyeket- az\u00e9rt, hogy gyorsan felt\u00f6lts\u00fck &#8211; magasabb \u00f3rad\u00edj\u00e9rt k\u00edn\u00e1ljuk. Minden esetben ezek aznapi munk\u00e1k. Ezek ez\u00e9rt vannak mert pl. beteg lett valaki \u00e9s meg\u00fcresedett a hely\u2026<\/p>\n<p class=\"p1\"><b>Hova kell menni dolgozni?<\/b><\/p>\n<p class=\"p1\">A munkaszervez\u0151 t\u00e1j\u00e9koztat t\u00e9ged a munkav\u00e9gz\u00e9s hely\u00e9r\u0151l idej\u00e9r\u0151l \u00edr\u00e1sban is.<\/p>\n<p class=\"p1\"><b>J\u00f6het egy di\u00e1k munkav\u00e9gz\u00e9sre?<\/b><\/p>\n<p class=\"p1\">Term\u00e9szetesen j\u00f6het de 16 \u00e9v alatt csak sz\u00fcl\u0151i igazol\u00e1ssal vehet r\u00e9szt a munk\u00e1kon.<\/p>","protected":false},"excerpt":{"rendered":"<p>Munkat\u00e1rsaink folyamatosan dolgoznak \u00e9s nincs idej\u00fck minden k\u00e9rd\u00e9sre azonnal v\u00e1laszolni. Gyakran feltett k\u00e9rd\u00e9sekre a v\u00e1laszt itt tal\u00e1lod. Hol lehet bemenni a ZARA \u00fczletekbe nyitvatart\u00e1si id\u0151n k\u00edv\u00fcl illetve kit kell keresni munk\u00e1k sor\u00e1n? A pl\u00e1z\u00e1kban \u00e1ltal\u00e1ban az \u00e9p\u00fclet jobb vagy bal oldal\u00e1n a szem\u00e9lyzeti bej\u00e1ron tudsz bejutni. Keresni az \u00fczlet menedzsert [&hellip;]<\/p>\n","protected":false},"author":1,"featured_media":0,"parent":0,"menu_order":0,"comment_status":"closed","ping_status":"closed","template":"","meta":{"_monsterinsights_skip_tracking":false,"_monsterinsights_sitenote_active":false,"_monsterinsights_sitenote_note":"","_monsterinsights_sitenote_category":0,"_themeisle_gutenberg_block_has_review":false,"footnotes":""},"class_list":["post-762","page","type-page","status-publish","hentry"],"yoast_head":"<!-- This site is optimized with the Yoast SEO plugin v27.5 - https:\/\/yoast.com\/product\/yoast-seo-wordpress\/ -->\n<title>Gyakran ism\u00e9telt k\u00e9rd\u00e9sek Zara kiseg\u00edt\u0151 munkav\u00e9gz\u00e9s eset\u00e9n. - New Hostess<\/title>\n<meta name=\"robots\" content=\"index, follow, max-snippet:-1, max-image-preview:large, max-video-preview:-1\" \/>\n<link rel=\"canonical\" href=\"https:\/\/newhostess.com\/en\/gyik_zara\/\" \/>\n<meta property=\"og:locale\" content=\"en_US\" \/>\n<meta property=\"og:type\" content=\"article\" \/>\n<meta property=\"og:title\" content=\"Gyakran ism\u00e9telt k\u00e9rd\u00e9sek Zara kiseg\u00edt\u0151 munkav\u00e9gz\u00e9s eset\u00e9n. - New Hostess\" \/>\n<meta property=\"og:description\" content=\"Munkat\u00e1rsaink folyamatosan dolgoznak \u00e9s nincs idej\u00fck minden k\u00e9rd\u00e9sre azonnal v\u00e1laszolni. Gyakran feltett k\u00e9rd\u00e9sekre a v\u00e1laszt itt tal\u00e1lod. Hol lehet bemenni a ZARA \u00fczletekbe nyitvatart\u00e1si id\u0151n k\u00edv\u00fcl illetve kit kell keresni munk\u00e1k sor\u00e1n? A pl\u00e1z\u00e1kban \u00e1ltal\u00e1ban az \u00e9p\u00fclet jobb vagy bal oldal\u00e1n a szem\u00e9lyzeti bej\u00e1ron tudsz bejutni. Keresni az \u00fczlet menedzsert [&hellip;]\" \/>\n<meta property=\"og:url\" content=\"https:\/\/newhostess.com\/en\/gyik_zara\/\" \/>\n<meta property=\"og:site_name\" content=\"New Hostess\" \/>\n<meta property=\"article:modified_time\" content=\"2024-11-29T11:35:22+00:00\" \/>\n<meta name=\"twitter:card\" content=\"summary_large_image\" \/>\n<meta name=\"twitter:label1\" content=\"Est. reading time\" \/>\n\t<meta name=\"twitter:data1\" content=\"2 minutes\" \/>\n<script type=\"application\/ld+json\" class=\"yoast-schema-graph\">{\"@context\":\"https:\\\/\\\/schema.org\",\"@graph\":[{\"@type\":\"WebPage\",\"@id\":\"https:\\\/\\\/newhostess.com\\\/gyik_zara\\\/\",\"url\":\"https:\\\/\\\/newhostess.com\\\/gyik_zara\\\/\",\"name\":\"Gyakran ism\u00e9telt k\u00e9rd\u00e9sek Zara kiseg\u00edt\u0151 munkav\u00e9gz\u00e9s eset\u00e9n. - New Hostess\",\"isPartOf\":{\"@id\":\"https:\\\/\\\/newhostess.com\\\/#website\"},\"datePublished\":\"2024-11-29T11:18:30+00:00\",\"dateModified\":\"2024-11-29T11:35:22+00:00\",\"breadcrumb\":{\"@id\":\"https:\\\/\\\/newhostess.com\\\/gyik_zara\\\/#breadcrumb\"},\"inLanguage\":\"en-US\",\"potentialAction\":[{\"@type\":\"ReadAction\",\"target\":[\"https:\\\/\\\/newhostess.com\\\/gyik_zara\\\/\"]}]},{\"@type\":\"BreadcrumbList\",\"@id\":\"https:\\\/\\\/newhostess.com\\\/gyik_zara\\\/#breadcrumb\",\"itemListElement\":[{\"@type\":\"ListItem\",\"position\":1,\"name\":\"Home\",\"item\":\"https:\\\/\\\/newhostess.com\\\/\"},{\"@type\":\"ListItem\",\"position\":2,\"name\":\"Gyakran ism\u00e9telt k\u00e9rd\u00e9sek Zara kiseg\u00edt\u0151 munkav\u00e9gz\u00e9s eset\u00e9n.\"}]},{\"@type\":\"WebSite\",\"@id\":\"https:\\\/\\\/newhostess.com\\\/#website\",\"url\":\"https:\\\/\\\/newhostess.com\\\/\",\"name\":\"New Hostess\",\"description\":\"\",\"publisher\":{\"@id\":\"https:\\\/\\\/newhostess.com\\\/#organization\"},\"potentialAction\":[{\"@type\":\"SearchAction\",\"target\":{\"@type\":\"EntryPoint\",\"urlTemplate\":\"https:\\\/\\\/newhostess.com\\\/?s={search_term_string}\"},\"query-input\":{\"@type\":\"PropertyValueSpecification\",\"valueRequired\":true,\"valueName\":\"search_term_string\"}}],\"inLanguage\":\"en-US\"},{\"@type\":\"Organization\",\"@id\":\"https:\\\/\\\/newhostess.com\\\/#organization\",\"name\":\"New Hostess\",\"url\":\"https:\\\/\\\/newhostess.com\\\/\",\"logo\":{\"@type\":\"ImageObject\",\"inLanguage\":\"en-US\",\"@id\":\"https:\\\/\\\/newhostess.com\\\/#\\\/schema\\\/logo\\\/image\\\/\",\"url\":\"https:\\\/\\\/newhostess.com\\\/wp-content\\\/uploads\\\/2023\\\/02\\\/cropped-NHS-logo-uj-s.png\",\"contentUrl\":\"https:\\\/\\\/newhostess.com\\\/wp-content\\\/uploads\\\/2023\\\/02\\\/cropped-NHS-logo-uj-s.png\",\"width\":1197,\"height\":493,\"caption\":\"New Hostess\"},\"image\":{\"@id\":\"https:\\\/\\\/newhostess.com\\\/#\\\/schema\\\/logo\\\/image\\\/\"}}]}<\/script>\n<!-- \/ Yoast SEO plugin. -->","yoast_head_json":{"title":"Gyakran ism\u00e9telt k\u00e9rd\u00e9sek Zara kiseg\u00edt\u0151 munkav\u00e9gz\u00e9s eset\u00e9n. - New Hostess","robots":{"index":"index","follow":"follow","max-snippet":"max-snippet:-1","max-image-preview":"max-image-preview:large","max-video-preview":"max-video-preview:-1"},"canonical":"https:\/\/newhostess.com\/en\/gyik_zara\/","og_locale":"en_US","og_type":"article","og_title":"Gyakran ism\u00e9telt k\u00e9rd\u00e9sek Zara kiseg\u00edt\u0151 munkav\u00e9gz\u00e9s eset\u00e9n. - New Hostess","og_description":"Munkat\u00e1rsaink folyamatosan dolgoznak \u00e9s nincs idej\u00fck minden k\u00e9rd\u00e9sre azonnal v\u00e1laszolni. Gyakran feltett k\u00e9rd\u00e9sekre a v\u00e1laszt itt tal\u00e1lod. Hol lehet bemenni a ZARA \u00fczletekbe nyitvatart\u00e1si id\u0151n k\u00edv\u00fcl illetve kit kell keresni munk\u00e1k sor\u00e1n? A pl\u00e1z\u00e1kban \u00e1ltal\u00e1ban az \u00e9p\u00fclet jobb vagy bal oldal\u00e1n a szem\u00e9lyzeti bej\u00e1ron tudsz bejutni. Keresni az \u00fczlet menedzsert [&hellip;]","og_url":"https:\/\/newhostess.com\/en\/gyik_zara\/","og_site_name":"New Hostess","article_modified_time":"2024-11-29T11:35:22+00:00","twitter_card":"summary_large_image","twitter_misc":{"Est. reading time":"2 minutes"},"schema":{"@context":"https:\/\/schema.org","@graph":[{"@type":"WebPage","@id":"https:\/\/newhostess.com\/gyik_zara\/","url":"https:\/\/newhostess.com\/gyik_zara\/","name":"Gyakran ism\u00e9telt k\u00e9rd\u00e9sek Zara kiseg\u00edt\u0151 munkav\u00e9gz\u00e9s eset\u00e9n. - New Hostess","isPartOf":{"@id":"https:\/\/newhostess.com\/#website"},"datePublished":"2024-11-29T11:18:30+00:00","dateModified":"2024-11-29T11:35:22+00:00","breadcrumb":{"@id":"https:\/\/newhostess.com\/gyik_zara\/#breadcrumb"},"inLanguage":"en-US","potentialAction":[{"@type":"ReadAction","target":["https:\/\/newhostess.com\/gyik_zara\/"]}]},{"@type":"BreadcrumbList","@id":"https:\/\/newhostess.com\/gyik_zara\/#breadcrumb","itemListElement":[{"@type":"ListItem","position":1,"name":"Home","item":"https:\/\/newhostess.com\/"},{"@type":"ListItem","position":2,"name":"Gyakran ism\u00e9telt k\u00e9rd\u00e9sek Zara kiseg\u00edt\u0151 munkav\u00e9gz\u00e9s eset\u00e9n."}]},{"@type":"WebSite","@id":"https:\/\/newhostess.com\/#website","url":"https:\/\/newhostess.com\/","name":"New Hostess","description":"","publisher":{"@id":"https:\/\/newhostess.com\/#organization"},"potentialAction":[{"@type":"SearchAction","target":{"@type":"EntryPoint","urlTemplate":"https:\/\/newhostess.com\/?s={search_term_string}"},"query-input":{"@type":"PropertyValueSpecification","valueRequired":true,"valueName":"search_term_string"}}],"inLanguage":"en-US"},{"@type":"Organization","@id":"https:\/\/newhostess.com\/#organization","name":"New Hostess","url":"https:\/\/newhostess.com\/","logo":{"@type":"ImageObject","inLanguage":"en-US","@id":"https:\/\/newhostess.com\/#\/schema\/logo\/image\/","url":"https:\/\/newhostess.com\/wp-content\/uploads\/2023\/02\/cropped-NHS-logo-uj-s.png","contentUrl":"https:\/\/newhostess.com\/wp-content\/uploads\/2023\/02\/cropped-NHS-logo-uj-s.png","width":1197,"height":493,"caption":"New Hostess"},"image":{"@id":"https:\/\/newhostess.com\/#\/schema\/logo\/image\/"}}]}},"_links":{"self":[{"href":"https:\/\/newhostess.com\/en\/wp-json\/wp\/v2\/pages\/762","targetHints":{"allow":["GET"]}}],"collection":[{"href":"https:\/\/newhostess.com\/en\/wp-json\/wp\/v2\/pages"}],"about":[{"href":"https:\/\/newhostess.com\/en\/wp-json\/wp\/v2\/types\/page"}],"author":[{"embeddable":true,"href":"https:\/\/newhostess.com\/en\/wp-json\/wp\/v2\/users\/1"}],"replies":[{"embeddable":true,"href":"https:\/\/newhostess.com\/en\/wp-json\/wp\/v2\/comments?post=762"}],"version-history":[{"count":5,"href":"https:\/\/newhostess.com\/en\/wp-json\/wp\/v2\/pages\/762\/revisions"}],"predecessor-version":[{"id":768,"href":"https:\/\/newhostess.com\/en\/wp-json\/wp\/v2\/pages\/762\/revisions\/768"}],"wp:attachment":[{"href":"https:\/\/newhostess.com\/en\/wp-json\/wp\/v2\/media?parent=762"}],"curies":[{"name":"wp","href":"https:\/\/api.w.org\/{rel}","templated":true}]}}